{"id":255295,"date":"2023-09-23T10:32:00","date_gmt":"2023-09-23T13:32:00","guid":{"rendered":"https:\/\/www.livrariarema.com.br\/loja\/produtos\/sem categoria\/biblia-da-mulher-de-fe-nvi-sheila-walsh-tecido-rosa-e-folhagem\/"},"modified":"2025-10-08T11:20:49","modified_gmt":"2025-10-08T14:20:49","slug":"biblia-da-mulher-de-fe-nvi-sheila-walsh-tecido-rosa-e-folhagem","status":"publish","type":"product","link":"https:\/\/www.livrariarema.com.br\/loja\/produtos\/biblias\/estudo-feminina\/biblia-da-mulher-de-fe-nvi-sheila-walsh-tecido-rosa-e-folhagem\/","title":{"rendered":"B\u00edblia Da Mulher De F\u00e9 &#8211; Nvi &#8211; Sheila Walsh &#8211; Tecido Rosa E Folhagem"},"content":{"rendered":"<p>A B\u00edblia da mulher de f\u00e9 oferece inspira\u00e7\u00e3o e recursos especiais para leitoras em busca de uma comunh\u00e3o di\u00e1ria com Deus e sua Palavra. Al\u00e9m do texto das Escrituras Sagradas, ela conta com 366 devocionais com li\u00e7\u00f5es e conselhos valiosos. Seja qual for o seu perfil &#8211; jovem, m\u00e3e, av\u00f3, solteira, casada, dona de casa, empres\u00e1ria -, esta obra foi criada para mulheres como voc\u00ea.<\/p>\n<p>Recursos especiais da B\u00edblia da mulher de f\u00e9:<br \/>\n&#8211; 366 devocionais abrangendo temas como gra\u00e7a, esperan\u00e7a, cura, alegria, f\u00e9 e amor, entre outros.<br \/>\n&#8211; Estudos e notas elaborados por palestrantes e escritoras crist\u00e3s ligadas ao movimento internacional Mulheres de F\u00e9, como Sheila Walsh, Mary Graham e Luci Swindoll.<br \/>\n&#8211; Indexa\u00e7\u00e3o tem\u00e1tica de textos devocionais.<br \/>\n&#8211; Texto b\u00edblico da Nova Vers\u00e3o Internacional, que re\u00fane clareza, eleg\u00e2ncia e fidelidade aos originais.<br \/>\n&#8211; Projeto gr\u00e1fico em duas cores e diagrama\u00e7\u00e3o especial para tornar a leitura mais agrad\u00e1vel.<br \/>\n&#8211; Artigos especiais para novas convertidas.<br \/>\n&#8211; Biografia das Mulheres de F\u00e9 que colaboraram com a B\u00edblia.<\/p>\n","protected":false},"excerpt":{"rendered":"<p>A B\u00edblia da mulher de f\u00e9 oferece inspira\u00e7\u00e3o e recursos especiais para leitoras em busca de uma comunh\u00e3o di\u00e1ria com&hellip;<\/p>\n","protected":false},"featured_media":334564,"comment_status":"open","ping_status":"closed","template":"","meta":[],"product_cat":[139,175],"product_tag":[],"_links":{"self":[{"href":"https:\/\/www.livrariarema.com.br\/loja\/wp-json\/wp\/v2\/product\/255295"}],"collection":[{"href":"https:\/\/www.livrariarema.com.br\/loja\/wp-json\/wp\/v2\/product"}],"about":[{"href":"https:\/\/www.livrariarema.com.br\/loja\/wp-json\/wp\/v2\/types\/product"}],"replies":[{"embeddable":true,"href":"https:\/\/www.livrariarema.com.br\/loja\/wp-json\/wp\/v2\/comments?post=255295"}],"wp:featuredmedia":[{"embeddable":true,"href":"https:\/\/www.livrariarema.com.br\/loja\/wp-json\/wp\/v2\/media\/334564"}],"wp:attachment":[{"href":"https:\/\/www.livrariarema.com.br\/loja\/wp-json\/wp\/v2\/media?parent=255295"}],"wp:term":[{"taxonomy":"product_cat","embeddable":true,"href":"https:\/\/www.livrariarema.com.br\/loja\/wp-json\/wp\/v2\/product_cat?post=255295"},{"taxonomy":"product_tag","embeddable":true,"href":"https:\/\/www.livrariarema.com.br\/loja\/wp-json\/wp\/v2\/product_tag?post=255295"}],"curies":[{"name":"wp","href":"https:\/\/api.w.org\/{rel}","templated":true}]}}