{"id":255307,"date":"2023-09-23T10:32:35","date_gmt":"2023-09-23T13:32:35","guid":{"rendered":"https:\/\/www.livrariarema.com.br\/loja\/produtos\/sem%20categoria\/escolha-do-verao-a-sara-gusella\/"},"modified":"2026-02-28T11:34:37","modified_gmt":"2026-02-28T14:34:37","slug":"escolha-do-verao-a-sara-gusella","status":"publish","type":"product","link":"https:\/\/www.livrariarema.com.br\/loja\/produtos\/livros\/ficcao\/escolha-do-verao-a-sara-gusella\/","title":{"rendered":"A Origem Das Esta\u00e7\u00f5es &#8211; A Escolha Do Ver\u00e3o &#8211; Sara Gusella"},"content":{"rendered":"<p>Uma  fantasia repleta de magia e aventura no mesmo estilo de C.S. Lewis<\/p>\n<p>Escondida entre florestas e montanhas, a pequena e calorosa vila de Teith nunca conheceu o inverno. Tradi\u00e7\u00f5es e regras que ningu\u00e9m se recorda o motivo de existirem fazem com que o jovem Beor se sinta um estranho no ninho, ansioso por conhecer o mundo al\u00e9m das conhecidas florestas. Tudo muda quando um rigoroso inverno substitui o familiar calor do Sol.<\/p>\n<p>Guiado por um poderoso artefato, t\u00e3o antigo quanto o pr\u00f3prio mundo, Beor parte em uma miss\u00e3o desesperada para resgatar a esta\u00e7\u00e3o perdida. Durante a jornada, o garoto descobrir\u00e1 perigos inimaginados e segredos h\u00e1 muito ocultos da humanidade e precisar\u00e1 fazer uma dif\u00edcil escolha para salvar sua vila e aqueles a quem ama. <\/p>\n","protected":false},"excerpt":{"rendered":"<p>Uma fantasia repleta de magia e aventura no mesmo estilo de C.S. Lewis Escondida entre florestas e montanhas, a pequena&hellip;<\/p>\n","protected":false},"featured_media":343378,"comment_status":"open","ping_status":"closed","template":"","meta":[],"product_cat":[162,134],"product_tag":[],"_links":{"self":[{"href":"https:\/\/www.livrariarema.com.br\/loja\/wp-json\/wp\/v2\/product\/255307"}],"collection":[{"href":"https:\/\/www.livrariarema.com.br\/loja\/wp-json\/wp\/v2\/product"}],"about":[{"href":"https:\/\/www.livrariarema.com.br\/loja\/wp-json\/wp\/v2\/types\/product"}],"replies":[{"embeddable":true,"href":"https:\/\/www.livrariarema.com.br\/loja\/wp-json\/wp\/v2\/comments?post=255307"}],"wp:featuredmedia":[{"embeddable":true,"href":"https:\/\/www.livrariarema.com.br\/loja\/wp-json\/wp\/v2\/media\/343378"}],"wp:attachment":[{"href":"https:\/\/www.livrariarema.com.br\/loja\/wp-json\/wp\/v2\/media?parent=255307"}],"wp:term":[{"taxonomy":"product_cat","embeddable":true,"href":"https:\/\/www.livrariarema.com.br\/loja\/wp-json\/wp\/v2\/product_cat?post=255307"},{"taxonomy":"product_tag","embeddable":true,"href":"https:\/\/www.livrariarema.com.br\/loja\/wp-json\/wp\/v2\/product_tag?post=255307"}],"curies":[{"name":"wp","href":"https:\/\/api.w.org\/{rel}","templated":true}]}}