{"id":255317,"date":"2023-09-23T10:33:07","date_gmt":"2023-09-23T13:33:07","guid":{"rendered":"https:\/\/www.livrariarema.com.br\/loja\/produtos\/sem categoria\/biblia-bilingue-acf-kjv-leitura-perfeita-capa-dura-preta\/"},"modified":"2026-02-24T12:20:50","modified_gmt":"2026-02-24T15:20:50","slug":"biblia-bilingue-acf-kjv-leitura-perfeita-capa-dura-preta","status":"publish","type":"product","link":"https:\/\/www.livrariarema.com.br\/loja\/produtos\/biblias\/outros-idiomas\/biblia-bilingue-acf-kjv-leitura-perfeita-capa-dura-preta\/","title":{"rendered":"B\u00edblia Bil\u00edngue &#8211; Acf\/Kjv &#8211; Leitura Perfeita &#8211; Capa Dura &#8211; Preta"},"content":{"rendered":"<p>LEIA, ESTUDE E COMPARE AS PASSAGENS B\u00cdBLICAS EM DUAS DAS VERS\u00d5ES MAIS CL\u00c1SSICAS DA HIST\u00d3RIA<\/p>\n<p>A B\u00edblia Bil\u00edngue ACF\/KJV apresenta, lado a lado, o texto na \u00edntegra de duas das vers\u00f5es b\u00edblicas mais reconhecidas por sua fidelidade aos originais: a Almeida Corrigida Fiel, que preserva toda a qualidade da fiel tradu\u00e7\u00e3o de Jo\u00e3o Ferreira de Almeida, e a King James Version, a ic\u00f4nica vers\u00e3o em ingl\u00eas com s\u00e9culos de tradi\u00e7\u00e3o e que ajudou a moldar a l\u00edngua inglesa. Diagramada em duas colunas, essa B\u00edblia permite ao leitor o contato simult\u00e2neo com o texto b\u00edblico em portugu\u00eas e em ingl\u00eas, sem perder o conforto na leitura. Ela \u00e9 ideal tanto para estudo pessoal como para facilitar a comunica\u00e7\u00e3o e interpreta\u00e7\u00e3o entre os dois idiomas.<br \/>\nPrincipais caracter\u00edsticas da B\u00edblia Bil\u00edngue ACF\/KJV:<br \/>\nTexto b\u00edblico na \u00edntegra: Almeida Corrigida Fiel (portugu\u00eas) e King James Version (ingl\u00eas)<br \/>\nDiagrama\u00e7\u00e3o em duas colunas para r\u00e1pida compara\u00e7\u00e3o entre os textos<br \/>\nVers\u00edculos em portugu\u00eas e ingl\u00eas sincronizados sempre na mesma linha, a fim de facilitar a compara\u00e7\u00e3o entre as vers\u00f5es<br \/>\nFonte Leitura Perfeita: uma tipologia exclusiva que integra os melhores avan\u00e7os em tipografia de B\u00edblias modernas.<\/p>\n","protected":false},"excerpt":{"rendered":"<p>LEIA, ESTUDE E COMPARE AS PASSAGENS B\u00cdBLICAS EM DUAS DAS VERS\u00d5ES MAIS CL\u00c1SSICAS DA HIST\u00d3RIA A B\u00edblia Bil\u00edngue ACF\/KJV apresenta,&hellip;<\/p>\n","protected":false},"featured_media":345288,"comment_status":"open","ping_status":"closed","template":"","meta":[],"product_cat":[139,141],"product_tag":[],"_links":{"self":[{"href":"https:\/\/www.livrariarema.com.br\/loja\/wp-json\/wp\/v2\/product\/255317"}],"collection":[{"href":"https:\/\/www.livrariarema.com.br\/loja\/wp-json\/wp\/v2\/product"}],"about":[{"href":"https:\/\/www.livrariarema.com.br\/loja\/wp-json\/wp\/v2\/types\/product"}],"replies":[{"embeddable":true,"href":"https:\/\/www.livrariarema.com.br\/loja\/wp-json\/wp\/v2\/comments?post=255317"}],"wp:featuredmedia":[{"embeddable":true,"href":"https:\/\/www.livrariarema.com.br\/loja\/wp-json\/wp\/v2\/media\/345288"}],"wp:attachment":[{"href":"https:\/\/www.livrariarema.com.br\/loja\/wp-json\/wp\/v2\/media?parent=255317"}],"wp:term":[{"taxonomy":"product_cat","embeddable":true,"href":"https:\/\/www.livrariarema.com.br\/loja\/wp-json\/wp\/v2\/product_cat?post=255317"},{"taxonomy":"product_tag","embeddable":true,"href":"https:\/\/www.livrariarema.com.br\/loja\/wp-json\/wp\/v2\/product_tag?post=255317"}],"curies":[{"name":"wp","href":"https:\/\/api.w.org\/{rel}","templated":true}]}}