{"id":256825,"date":"2023-10-02T17:17:09","date_gmt":"2023-10-02T20:17:09","guid":{"rendered":"https:\/\/www.livrariarema.com.br\/loja\/produtos\/sem categoria\/historias-da-biblia-para-meninos\/"},"modified":"2026-03-14T11:00:25","modified_gmt":"2026-03-14T14:00:25","slug":"historias-da-biblia-para-meninos","status":"publish","type":"product","link":"https:\/\/www.livrariarema.com.br\/loja\/produtos\/livros\/infantil\/historias-da-biblia-para-meninos\/","title":{"rendered":"Historias Da B\u00edblia &#8211; Para Meninos"},"content":{"rendered":"<p>As crian\u00e7as precisam de modelos de car\u00e1ter e comportamento para seguir. Esta obra busca estimular as meninas a agirem de forma semelhante \u00e0s protagonistas de suas hist\u00f3rias, influenciando-as, positivamente, a se tornarem verdadeiras crist\u00e3s.<\/p>\n","protected":false},"excerpt":{"rendered":"<p>As crian\u00e7as precisam de modelos de car\u00e1ter e comportamento para seguir. Esta obra busca estimular as meninas a agirem de&hellip;<\/p>\n","protected":false},"featured_media":344345,"comment_status":"open","ping_status":"closed","template":"","meta":[],"product_cat":[144,134],"product_tag":[],"_links":{"self":[{"href":"https:\/\/www.livrariarema.com.br\/loja\/wp-json\/wp\/v2\/product\/256825"}],"collection":[{"href":"https:\/\/www.livrariarema.com.br\/loja\/wp-json\/wp\/v2\/product"}],"about":[{"href":"https:\/\/www.livrariarema.com.br\/loja\/wp-json\/wp\/v2\/types\/product"}],"replies":[{"embeddable":true,"href":"https:\/\/www.livrariarema.com.br\/loja\/wp-json\/wp\/v2\/comments?post=256825"}],"wp:featuredmedia":[{"embeddable":true,"href":"https:\/\/www.livrariarema.com.br\/loja\/wp-json\/wp\/v2\/media\/344345"}],"wp:attachment":[{"href":"https:\/\/www.livrariarema.com.br\/loja\/wp-json\/wp\/v2\/media?parent=256825"}],"wp:term":[{"taxonomy":"product_cat","embeddable":true,"href":"https:\/\/www.livrariarema.com.br\/loja\/wp-json\/wp\/v2\/product_cat?post=256825"},{"taxonomy":"product_tag","embeddable":true,"href":"https:\/\/www.livrariarema.com.br\/loja\/wp-json\/wp\/v2\/product_tag?post=256825"}],"curies":[{"name":"wp","href":"https:\/\/api.w.org\/{rel}","templated":true}]}}