{"id":256877,"date":"2023-10-02T17:23:21","date_gmt":"2023-10-02T20:23:21","guid":{"rendered":"https:\/\/www.livrariarema.com.br\/loja\/produtos\/sem categoria\/biblia-para-meninos\/"},"modified":"2026-04-01T11:11:53","modified_gmt":"2026-04-01T14:11:53","slug":"biblia-para-meninos","status":"publish","type":"product","link":"https:\/\/www.livrariarema.com.br\/loja\/produtos\/livros\/infantil\/biblia-para-meninos\/","title":{"rendered":"B\u00edblia Para Meninos"},"content":{"rendered":"<p>A B\u00edblia para Meninos apresenta essas bel\u00edssimas hist\u00f3rias das sagradas escrituras que, com textos simples e lindas ilustra\u00e7\u00f5es, despertam a f\u00e9 e o amor a Deus nas crian\u00e7as.<\/p>\n","protected":false},"excerpt":{"rendered":"<p>A B\u00edblia para Meninos apresenta essas bel\u00edssimas hist\u00f3rias das sagradas escrituras que, com textos simples e lindas ilustra\u00e7\u00f5es, despertam a&hellip;<\/p>\n","protected":false},"featured_media":0,"comment_status":"open","ping_status":"closed","template":"","meta":[],"product_cat":[144,134],"product_tag":[],"_links":{"self":[{"href":"https:\/\/www.livrariarema.com.br\/loja\/wp-json\/wp\/v2\/product\/256877"}],"collection":[{"href":"https:\/\/www.livrariarema.com.br\/loja\/wp-json\/wp\/v2\/product"}],"about":[{"href":"https:\/\/www.livrariarema.com.br\/loja\/wp-json\/wp\/v2\/types\/product"}],"replies":[{"embeddable":true,"href":"https:\/\/www.livrariarema.com.br\/loja\/wp-json\/wp\/v2\/comments?post=256877"}],"wp:attachment":[{"href":"https:\/\/www.livrariarema.com.br\/loja\/wp-json\/wp\/v2\/media?parent=256877"}],"wp:term":[{"taxonomy":"product_cat","embeddable":true,"href":"https:\/\/www.livrariarema.com.br\/loja\/wp-json\/wp\/v2\/product_cat?post=256877"},{"taxonomy":"product_tag","embeddable":true,"href":"https:\/\/www.livrariarema.com.br\/loja\/wp-json\/wp\/v2\/product_tag?post=256877"}],"curies":[{"name":"wp","href":"https:\/\/api.w.org\/{rel}","templated":true}]}}