{"id":256932,"date":"2023-10-02T17:37:30","date_gmt":"2023-10-02T20:37:30","guid":{"rendered":"https:\/\/www.livrariarema.com.br\/loja\/produtos\/sem categoria\/atlas-biblico-totalmente-ilustrado\/"},"modified":"2026-02-28T11:35:12","modified_gmt":"2026-02-28T14:35:12","slug":"atlas-biblico-totalmente-ilustrado","status":"publish","type":"product","link":"https:\/\/www.livrariarema.com.br\/loja\/produtos\/livros\/juvenil\/atlas-biblico-totalmente-ilustrado\/","title":{"rendered":"Atlas B\u00edblico Totalmente Ilustrado"},"content":{"rendered":"<p>Descubra o vasto mundo da B\u00edblia.<br \/>\nAten\u00e7\u00e3o, aten\u00e7\u00e3o, voc\u00ea que \u00e9 explorador! Prepare-se para a aventura de uma vida inteira! Voc\u00ea tem agora a oportunidade de estudar mapas coloridos e fatos divertidos que v\u00e3o ajud\u00e1-lo a aprender mais a respeito de pessoas, lugares e coisas que comp\u00f5em a B\u00edblia.<br \/>\nAo acompanhar as viagens dos her\u00f3is da B\u00edblia como Abra\u00e3o, Mois\u00e9s, Paulo e, o mais importante, Jesus, Senhor e Salvador, voc\u00ea se sentir\u00e1 como se estivesse bem ali com eles, andando por onde andaram. N\u00e3o vai demorar e logo voc\u00ea ser\u00e1 capaz de ver a a\u00e7\u00e3o da B\u00edblia se desenrolar enquanto l\u00ea as hist\u00f3rias.<br \/>\nEnt\u00e3o comece imediatamente e descubra quem fez o qu\u00ea &#8211; e onde aconteceu &#8211; no mundo de Deus!<\/p>\n","protected":false},"excerpt":{"rendered":"<p>Descubra o vasto mundo da B\u00edblia. Aten\u00e7\u00e3o, aten\u00e7\u00e3o, voc\u00ea que \u00e9 explorador! Prepare-se para a aventura de uma vida inteira!&hellip;<\/p>\n","protected":false},"featured_media":344403,"comment_status":"open","ping_status":"closed","template":"","meta":[],"product_cat":[184,134],"product_tag":[],"_links":{"self":[{"href":"https:\/\/www.livrariarema.com.br\/loja\/wp-json\/wp\/v2\/product\/256932"}],"collection":[{"href":"https:\/\/www.livrariarema.com.br\/loja\/wp-json\/wp\/v2\/product"}],"about":[{"href":"https:\/\/www.livrariarema.com.br\/loja\/wp-json\/wp\/v2\/types\/product"}],"replies":[{"embeddable":true,"href":"https:\/\/www.livrariarema.com.br\/loja\/wp-json\/wp\/v2\/comments?post=256932"}],"wp:featuredmedia":[{"embeddable":true,"href":"https:\/\/www.livrariarema.com.br\/loja\/wp-json\/wp\/v2\/media\/344403"}],"wp:attachment":[{"href":"https:\/\/www.livrariarema.com.br\/loja\/wp-json\/wp\/v2\/media?parent=256932"}],"wp:term":[{"taxonomy":"product_cat","embeddable":true,"href":"https:\/\/www.livrariarema.com.br\/loja\/wp-json\/wp\/v2\/product_cat?post=256932"},{"taxonomy":"product_tag","embeddable":true,"href":"https:\/\/www.livrariarema.com.br\/loja\/wp-json\/wp\/v2\/product_tag?post=256932"}],"curies":[{"name":"wp","href":"https:\/\/api.w.org\/{rel}","templated":true}]}}