{"id":256936,"date":"2023-10-02T17:37:51","date_gmt":"2023-10-02T20:37:51","guid":{"rendered":"https:\/\/www.livrariarema.com.br\/loja\/produtos\/sem categoria\/minhas-primeiras-historias-biblicas-brown-watson\/"},"modified":"2025-07-09T13:10:32","modified_gmt":"2025-07-09T16:10:32","slug":"minhas-primeiras-historias-biblicas-brown-watson","status":"publish","type":"product","link":"https:\/\/www.livrariarema.com.br\/loja\/produtos\/livros\/infantil\/minhas-primeiras-historias-biblicas-brown-watson\/","title":{"rendered":"Minhas Primeiras Hist\u00f3rias B\u00edblicas &#8211; Brown Watson"},"content":{"rendered":"<p>&#8211; Uma sele\u00e7\u00e3o de algumas das mais importantes passagens b\u00edblicas.<br \/>\n&#8211; Ajuda na forma\u00e7\u00e3o dos valores crist\u00e3os.<br \/>\n&#8211; Uma ferramenta importante para ser utilizada pela fam\u00edlia e os Educadores crist\u00e3os.<br \/>\n&#8211; Linguagem acess\u00edvel e letras grandes (CAIXA ALTA).<\/p>\n<p>Maravilhosas hist\u00f3rias esperam por voc\u00ea neste livro belamente ilustrado sobre as principais passagens da B\u00edblia. Conhe\u00e7a a hist\u00f3ria do Natal, da Arca de No\u00e9, viaje com Mois\u00e9s pelo Mar Vermelho e muito mais! Esta obra \u00e9 um tesouro para aprender e compartilhar a palavra de Deus.<\/p>\n","protected":false},"excerpt":{"rendered":"<p>&#8211; Uma sele\u00e7\u00e3o de algumas das mais importantes passagens b\u00edblicas. &#8211; Ajuda na forma\u00e7\u00e3o dos valores crist\u00e3os. &#8211; Uma ferramenta&hellip;<\/p>\n","protected":false},"featured_media":0,"comment_status":"open","ping_status":"closed","template":"","meta":[],"product_cat":[144,134],"product_tag":[],"_links":{"self":[{"href":"https:\/\/www.livrariarema.com.br\/loja\/wp-json\/wp\/v2\/product\/256936"}],"collection":[{"href":"https:\/\/www.livrariarema.com.br\/loja\/wp-json\/wp\/v2\/product"}],"about":[{"href":"https:\/\/www.livrariarema.com.br\/loja\/wp-json\/wp\/v2\/types\/product"}],"replies":[{"embeddable":true,"href":"https:\/\/www.livrariarema.com.br\/loja\/wp-json\/wp\/v2\/comments?post=256936"}],"wp:attachment":[{"href":"https:\/\/www.livrariarema.com.br\/loja\/wp-json\/wp\/v2\/media?parent=256936"}],"wp:term":[{"taxonomy":"product_cat","embeddable":true,"href":"https:\/\/www.livrariarema.com.br\/loja\/wp-json\/wp\/v2\/product_cat?post=256936"},{"taxonomy":"product_tag","embeddable":true,"href":"https:\/\/www.livrariarema.com.br\/loja\/wp-json\/wp\/v2\/product_tag?post=256936"}],"curies":[{"name":"wp","href":"https:\/\/api.w.org\/{rel}","templated":true}]}}