{"id":257208,"date":"2023-10-02T18:03:32","date_gmt":"2023-10-02T21:03:32","guid":{"rendered":"https:\/\/www.livrariarema.com.br\/loja\/produtos\/sem categoria\/aprenda-a-desenhar-historias-da-biblia\/"},"modified":"2026-03-14T09:30:30","modified_gmt":"2026-03-14T12:30:30","slug":"aprenda-a-desenhar-historias-da-biblia","status":"publish","type":"product","link":"https:\/\/www.livrariarema.com.br\/loja\/produtos\/livros\/infantil\/aprenda-a-desenhar-historias-da-biblia\/","title":{"rendered":"Aprenda A Desenhar: Hist\u00f3rias Da B\u00edblia"},"content":{"rendered":"<p>Voc\u00ea quer aprender como desenhar a Arca de No\u00e9, o Beb\u00ea Mois\u00e9s ou Jos\u00e9? Neste caso, aqui est\u00e1 a solu\u00e7\u00e3o, este \u00e9 o livro para voc\u00ea! Os passos simples tornam aprender a desenhar f\u00e1cil e divertido, al\u00e9m de perguntas que o fazem refletir sobre os ensinamentos da B\u00cdBLIA.<\/p>\n","protected":false},"excerpt":{"rendered":"<p>Voc\u00ea quer aprender como desenhar a Arca de No\u00e9, o Beb\u00ea Mois\u00e9s ou Jos\u00e9? Neste caso, aqui est\u00e1 a solu\u00e7\u00e3o,&hellip;<\/p>\n","protected":false},"featured_media":333814,"comment_status":"open","ping_status":"closed","template":"","meta":[],"product_cat":[144,134],"product_tag":[],"_links":{"self":[{"href":"https:\/\/www.livrariarema.com.br\/loja\/wp-json\/wp\/v2\/product\/257208"}],"collection":[{"href":"https:\/\/www.livrariarema.com.br\/loja\/wp-json\/wp\/v2\/product"}],"about":[{"href":"https:\/\/www.livrariarema.com.br\/loja\/wp-json\/wp\/v2\/types\/product"}],"replies":[{"embeddable":true,"href":"https:\/\/www.livrariarema.com.br\/loja\/wp-json\/wp\/v2\/comments?post=257208"}],"wp:featuredmedia":[{"embeddable":true,"href":"https:\/\/www.livrariarema.com.br\/loja\/wp-json\/wp\/v2\/media\/333814"}],"wp:attachment":[{"href":"https:\/\/www.livrariarema.com.br\/loja\/wp-json\/wp\/v2\/media?parent=257208"}],"wp:term":[{"taxonomy":"product_cat","embeddable":true,"href":"https:\/\/www.livrariarema.com.br\/loja\/wp-json\/wp\/v2\/product_cat?post=257208"},{"taxonomy":"product_tag","embeddable":true,"href":"https:\/\/www.livrariarema.com.br\/loja\/wp-json\/wp\/v2\/product_tag?post=257208"}],"curies":[{"name":"wp","href":"https:\/\/api.w.org\/{rel}","templated":true}]}}