{"id":257217,"date":"2023-10-02T18:04:00","date_gmt":"2023-10-02T21:04:00","guid":{"rendered":"https:\/\/www.livrariarema.com.br\/loja\/produtos\/sem categoria\/biblicos-pop-up-arca-de-noe\/"},"modified":"2026-03-07T10:31:09","modified_gmt":"2026-03-07T13:31:09","slug":"biblicos-pop-up-arca-de-noe","status":"publish","type":"product","link":"https:\/\/www.livrariarema.com.br\/loja\/produtos\/livros\/infantil\/biblicos-pop-up-arca-de-noe\/","title":{"rendered":"B\u00edblicos Pop-Up &#8211; Arca De No\u00e9"},"content":{"rendered":"<p>Um dia, No\u00e9 constr\u00f3i uma arca, algo como um grande navio. Muitos animais e algumas pessoas entram na arca. Ent\u00e3o, come\u00e7a a chover. A chuva \u00e9 tanta, que toda a terra fica coberta de \u00e1gua. Ser\u00e1 que a arca permanecer\u00e1 flutuando? Descubra o que acontecer\u00e1 nesta hist\u00f3ria especial da B\u00edblia.<\/p>\n","protected":false},"excerpt":{"rendered":"<p>Um dia, No\u00e9 constr\u00f3i uma arca, algo como um grande navio. Muitos animais e algumas pessoas entram na arca. Ent\u00e3o,&hellip;<\/p>\n","protected":false},"featured_media":344235,"comment_status":"open","ping_status":"closed","template":"","meta":[],"product_cat":[144,134],"product_tag":[],"_links":{"self":[{"href":"https:\/\/www.livrariarema.com.br\/loja\/wp-json\/wp\/v2\/product\/257217"}],"collection":[{"href":"https:\/\/www.livrariarema.com.br\/loja\/wp-json\/wp\/v2\/product"}],"about":[{"href":"https:\/\/www.livrariarema.com.br\/loja\/wp-json\/wp\/v2\/types\/product"}],"replies":[{"embeddable":true,"href":"https:\/\/www.livrariarema.com.br\/loja\/wp-json\/wp\/v2\/comments?post=257217"}],"wp:featuredmedia":[{"embeddable":true,"href":"https:\/\/www.livrariarema.com.br\/loja\/wp-json\/wp\/v2\/media\/344235"}],"wp:attachment":[{"href":"https:\/\/www.livrariarema.com.br\/loja\/wp-json\/wp\/v2\/media?parent=257217"}],"wp:term":[{"taxonomy":"product_cat","embeddable":true,"href":"https:\/\/www.livrariarema.com.br\/loja\/wp-json\/wp\/v2\/product_cat?post=257217"},{"taxonomy":"product_tag","embeddable":true,"href":"https:\/\/www.livrariarema.com.br\/loja\/wp-json\/wp\/v2\/product_tag?post=257217"}],"curies":[{"name":"wp","href":"https:\/\/api.w.org\/{rel}","templated":true}]}}