{"id":257259,"date":"2023-10-02T18:06:22","date_gmt":"2023-10-02T21:06:22","guid":{"rendered":"https:\/\/www.livrariarema.com.br\/loja\/produtos\/sem categoria\/pequenos-coracoes-biblia-dos-pequeninos\/"},"modified":"2026-03-20T10:20:59","modified_gmt":"2026-03-20T13:20:59","slug":"pequenos-coracoes-biblia-dos-pequeninos","status":"publish","type":"product","link":"https:\/\/www.livrariarema.com.br\/loja\/produtos\/livros\/infantil-biblia\/pequenos-coracoes-biblia-dos-pequeninos\/","title":{"rendered":"Pequenos Cora\u00e7\u00f5es: B\u00edblia Dos Pequeninos"},"content":{"rendered":"<p>Este livro, delicadamente ilustrado, apresenta ao beb\u00ea suas primeiras hist\u00f3rias da b\u00edblia de modo simples e l\u00fadico.<\/p>\n","protected":false},"excerpt":{"rendered":"<p>Este livro, delicadamente ilustrado, apresenta ao beb\u00ea suas primeiras hist\u00f3rias da b\u00edblia de modo simples e l\u00fadico.<\/p>\n","protected":false},"featured_media":344414,"comment_status":"open","ping_status":"closed","template":"","meta":[],"product_cat":[165,134],"product_tag":[],"_links":{"self":[{"href":"https:\/\/www.livrariarema.com.br\/loja\/wp-json\/wp\/v2\/product\/257259"}],"collection":[{"href":"https:\/\/www.livrariarema.com.br\/loja\/wp-json\/wp\/v2\/product"}],"about":[{"href":"https:\/\/www.livrariarema.com.br\/loja\/wp-json\/wp\/v2\/types\/product"}],"replies":[{"embeddable":true,"href":"https:\/\/www.livrariarema.com.br\/loja\/wp-json\/wp\/v2\/comments?post=257259"}],"wp:featuredmedia":[{"embeddable":true,"href":"https:\/\/www.livrariarema.com.br\/loja\/wp-json\/wp\/v2\/media\/344414"}],"wp:attachment":[{"href":"https:\/\/www.livrariarema.com.br\/loja\/wp-json\/wp\/v2\/media?parent=257259"}],"wp:term":[{"taxonomy":"product_cat","embeddable":true,"href":"https:\/\/www.livrariarema.com.br\/loja\/wp-json\/wp\/v2\/product_cat?post=257259"},{"taxonomy":"product_tag","embeddable":true,"href":"https:\/\/www.livrariarema.com.br\/loja\/wp-json\/wp\/v2\/product_tag?post=257259"}],"curies":[{"name":"wp","href":"https:\/\/api.w.org\/{rel}","templated":true}]}}