{"id":257266,"date":"2023-10-02T18:07:08","date_gmt":"2023-10-02T21:07:08","guid":{"rendered":"https:\/\/www.livrariarema.com.br\/loja\/produtos\/sem categoria\/palavras-de-vida-biblia-para-meninas\/"},"modified":"2026-03-06T16:50:40","modified_gmt":"2026-03-06T19:50:40","slug":"palavras-de-vida-biblia-para-meninas","status":"publish","type":"product","link":"https:\/\/www.livrariarema.com.br\/loja\/produtos\/livros\/infantil\/palavras-de-vida-biblia-para-meninas\/","title":{"rendered":"Palavras De Vida: B\u00edblia Para Meninas"},"content":{"rendered":"<p>Aproxime-se dos ensinamentos de Deus com este livro encantador, que re\u00fane as mais belas hist\u00f3rias da B\u00edblia, para voc\u00ea refletir sobre f\u00e9, respeito, compaix\u00e3o e, sobretudo, amor pr\u00f3ximo. Boa leitura e reflex\u00e3o!<\/p>\n","protected":false},"excerpt":{"rendered":"<p>Aproxime-se dos ensinamentos de Deus com este livro encantador, que re\u00fane as mais belas hist\u00f3rias da B\u00edblia, para voc\u00ea refletir&hellip;<\/p>\n","protected":false},"featured_media":344222,"comment_status":"open","ping_status":"closed","template":"","meta":[],"product_cat":[144,134],"product_tag":[],"_links":{"self":[{"href":"https:\/\/www.livrariarema.com.br\/loja\/wp-json\/wp\/v2\/product\/257266"}],"collection":[{"href":"https:\/\/www.livrariarema.com.br\/loja\/wp-json\/wp\/v2\/product"}],"about":[{"href":"https:\/\/www.livrariarema.com.br\/loja\/wp-json\/wp\/v2\/types\/product"}],"replies":[{"embeddable":true,"href":"https:\/\/www.livrariarema.com.br\/loja\/wp-json\/wp\/v2\/comments?post=257266"}],"wp:featuredmedia":[{"embeddable":true,"href":"https:\/\/www.livrariarema.com.br\/loja\/wp-json\/wp\/v2\/media\/344222"}],"wp:attachment":[{"href":"https:\/\/www.livrariarema.com.br\/loja\/wp-json\/wp\/v2\/media?parent=257266"}],"wp:term":[{"taxonomy":"product_cat","embeddable":true,"href":"https:\/\/www.livrariarema.com.br\/loja\/wp-json\/wp\/v2\/product_cat?post=257266"},{"taxonomy":"product_tag","embeddable":true,"href":"https:\/\/www.livrariarema.com.br\/loja\/wp-json\/wp\/v2\/product_tag?post=257266"}],"curies":[{"name":"wp","href":"https:\/\/api.w.org\/{rel}","templated":true}]}}