{"id":257272,"date":"2023-10-02T18:07:27","date_gmt":"2023-10-02T21:07:27","guid":{"rendered":"https:\/\/www.livrariarema.com.br\/loja\/produtos\/sem categoria\/livro-quebra-cabeca-aventuras-biblicas-a-historia-de-jesus\/"},"modified":"2026-03-20T10:20:50","modified_gmt":"2026-03-20T13:20:50","slug":"livro-quebra-cabeca-aventuras-biblicas-a-historia-de-jesus","status":"publish","type":"product","link":"https:\/\/www.livrariarema.com.br\/loja\/produtos\/livros\/infantil\/livro-quebra-cabeca-aventuras-biblicas-a-historia-de-jesus\/","title":{"rendered":"Livro Quebra-Cabe\u00e7a &#8211; Aventuras Biblicas: A Hist\u00f3ria De Jesus"},"content":{"rendered":"<p>Com delicadas ilustra\u00e7\u00f5es e texto adequado ao universo infantil, esta cole\u00e7\u00e3o apresenta hist\u00f3rias b\u00edblicas para aprender e montar. Abra seu livro e divirta-se com coloridos quebra-cabe\u00e7as!<\/p>\n","protected":false},"excerpt":{"rendered":"<p>Com delicadas ilustra\u00e7\u00f5es e texto adequado ao universo infantil, esta cole\u00e7\u00e3o apresenta hist\u00f3rias b\u00edblicas para aprender e montar. Abra seu&hellip;<\/p>\n","protected":false},"featured_media":331443,"comment_status":"open","ping_status":"closed","template":"","meta":[],"product_cat":[144,134],"product_tag":[],"_links":{"self":[{"href":"https:\/\/www.livrariarema.com.br\/loja\/wp-json\/wp\/v2\/product\/257272"}],"collection":[{"href":"https:\/\/www.livrariarema.com.br\/loja\/wp-json\/wp\/v2\/product"}],"about":[{"href":"https:\/\/www.livrariarema.com.br\/loja\/wp-json\/wp\/v2\/types\/product"}],"replies":[{"embeddable":true,"href":"https:\/\/www.livrariarema.com.br\/loja\/wp-json\/wp\/v2\/comments?post=257272"}],"wp:featuredmedia":[{"embeddable":true,"href":"https:\/\/www.livrariarema.com.br\/loja\/wp-json\/wp\/v2\/media\/331443"}],"wp:attachment":[{"href":"https:\/\/www.livrariarema.com.br\/loja\/wp-json\/wp\/v2\/media?parent=257272"}],"wp:term":[{"taxonomy":"product_cat","embeddable":true,"href":"https:\/\/www.livrariarema.com.br\/loja\/wp-json\/wp\/v2\/product_cat?post=257272"},{"taxonomy":"product_tag","embeddable":true,"href":"https:\/\/www.livrariarema.com.br\/loja\/wp-json\/wp\/v2\/product_tag?post=257272"}],"curies":[{"name":"wp","href":"https:\/\/api.w.org\/{rel}","templated":true}]}}