{"id":257274,"date":"2023-10-02T18:07:32","date_gmt":"2023-10-02T21:07:32","guid":{"rendered":"https:\/\/www.livrariarema.com.br\/loja\/produtos\/sem categoria\/meu-livro-fofinho-animais-da-biblia\/"},"modified":"2026-04-10T09:50:55","modified_gmt":"2026-04-10T12:50:55","slug":"meu-livro-fofinho-animais-da-biblia","status":"publish","type":"product","link":"https:\/\/www.livrariarema.com.br\/loja\/produtos\/livros\/infantil\/meu-livro-fofinho-animais-da-biblia\/","title":{"rendered":"Meu Livro Fofinho: Animais Da Biblia"},"content":{"rendered":"<p>Voc\u00ea sabia que a B\u00edblia \u00e9 repleta de passagens em que os animais t\u00eam um papel fundamental? Este livro, delicadamente ilustrado, retrata como o nosso maravilhoso Deus criou animais de todas as esp\u00e9cies, cada uma de forma, cor, tamanho e prop\u00f3sito diferentes!<\/p>\n","protected":false},"excerpt":{"rendered":"<p>Voc\u00ea sabia que a B\u00edblia \u00e9 repleta de passagens em que os animais t\u00eam um papel fundamental? Este livro, delicadamente&hellip;<\/p>\n","protected":false},"featured_media":331449,"comment_status":"open","ping_status":"closed","template":"","meta":[],"product_cat":[144,134],"product_tag":[],"_links":{"self":[{"href":"https:\/\/www.livrariarema.com.br\/loja\/wp-json\/wp\/v2\/product\/257274"}],"collection":[{"href":"https:\/\/www.livrariarema.com.br\/loja\/wp-json\/wp\/v2\/product"}],"about":[{"href":"https:\/\/www.livrariarema.com.br\/loja\/wp-json\/wp\/v2\/types\/product"}],"replies":[{"embeddable":true,"href":"https:\/\/www.livrariarema.com.br\/loja\/wp-json\/wp\/v2\/comments?post=257274"}],"wp:featuredmedia":[{"embeddable":true,"href":"https:\/\/www.livrariarema.com.br\/loja\/wp-json\/wp\/v2\/media\/331449"}],"wp:attachment":[{"href":"https:\/\/www.livrariarema.com.br\/loja\/wp-json\/wp\/v2\/media?parent=257274"}],"wp:term":[{"taxonomy":"product_cat","embeddable":true,"href":"https:\/\/www.livrariarema.com.br\/loja\/wp-json\/wp\/v2\/product_cat?post=257274"},{"taxonomy":"product_tag","embeddable":true,"href":"https:\/\/www.livrariarema.com.br\/loja\/wp-json\/wp\/v2\/product_tag?post=257274"}],"curies":[{"name":"wp","href":"https:\/\/api.w.org\/{rel}","templated":true}]}}