{"id":257276,"date":"2023-10-02T18:07:38","date_gmt":"2023-10-02T21:07:38","guid":{"rendered":"https:\/\/www.livrariarema.com.br\/loja\/produtos\/sem categoria\/meu-livro-fofinho-arca-de-noe\/"},"modified":"2026-04-02T12:10:32","modified_gmt":"2026-04-02T15:10:32","slug":"meu-livro-fofinho-arca-de-noe","status":"publish","type":"product","link":"https:\/\/www.livrariarema.com.br\/loja\/produtos\/livros\/infantil\/meu-livro-fofinho-arca-de-noe\/","title":{"rendered":"Meu Livro Fofinho: Arca De No\u00e9"},"content":{"rendered":"<p>Este livrinho, belamente ilustrado, retrata a hist\u00f3ria de um bondoso homem chamado No\u00e9, que recebeu uma importante miss\u00e3o: construir uma grande arca para abrigar sua fam\u00edlia e um casal de cada esp\u00e9cie de animal durante um terr\u00edvel dil\u00favio. Junte-se a ele nessa emocionante aventura cheia de f\u00e9 e esperan\u00e7a.<\/p>\n","protected":false},"excerpt":{"rendered":"<p>Este livrinho, belamente ilustrado, retrata a hist\u00f3ria de um bondoso homem chamado No\u00e9, que recebeu uma importante miss\u00e3o: construir uma&hellip;<\/p>\n","protected":false},"featured_media":333815,"comment_status":"open","ping_status":"closed","template":"","meta":[],"product_cat":[144,134],"product_tag":[],"_links":{"self":[{"href":"https:\/\/www.livrariarema.com.br\/loja\/wp-json\/wp\/v2\/product\/257276"}],"collection":[{"href":"https:\/\/www.livrariarema.com.br\/loja\/wp-json\/wp\/v2\/product"}],"about":[{"href":"https:\/\/www.livrariarema.com.br\/loja\/wp-json\/wp\/v2\/types\/product"}],"replies":[{"embeddable":true,"href":"https:\/\/www.livrariarema.com.br\/loja\/wp-json\/wp\/v2\/comments?post=257276"}],"wp:featuredmedia":[{"embeddable":true,"href":"https:\/\/www.livrariarema.com.br\/loja\/wp-json\/wp\/v2\/media\/333815"}],"wp:attachment":[{"href":"https:\/\/www.livrariarema.com.br\/loja\/wp-json\/wp\/v2\/media?parent=257276"}],"wp:term":[{"taxonomy":"product_cat","embeddable":true,"href":"https:\/\/www.livrariarema.com.br\/loja\/wp-json\/wp\/v2\/product_cat?post=257276"},{"taxonomy":"product_tag","embeddable":true,"href":"https:\/\/www.livrariarema.com.br\/loja\/wp-json\/wp\/v2\/product_tag?post=257276"}],"curies":[{"name":"wp","href":"https:\/\/api.w.org\/{rel}","templated":true}]}}