{"id":257286,"date":"2023-10-02T18:08:08","date_gmt":"2023-10-02T21:08:08","guid":{"rendered":"https:\/\/www.livrariarema.com.br\/loja\/produtos\/sem categoria\/aprenda-em-casa-eu-ja-sei-escrever-letra-de-forma\/"},"modified":"2026-03-17T11:00:50","modified_gmt":"2026-03-17T14:00:50","slug":"aprenda-em-casa-eu-ja-sei-escrever-letra-de-forma","status":"publish","type":"product","link":"https:\/\/www.livrariarema.com.br\/loja\/produtos\/livros\/infantil\/aprenda-em-casa-eu-ja-sei-escrever-letra-de-forma\/","title":{"rendered":"Aprenda Em Casa &#8211; Eu Ja Sei Escrever &#8211; Letra De Forma"},"content":{"rendered":"<p>Este \u00e9 um livro para auxiliar a crian\u00e7a na fixa\u00e7\u00e3o das letras do alfabeto com letra de f\u00f4rma e serve como apoio ao aprendizado formal da escola. \u00c9 uma maneira de treinar as letrinhas, divertindo-se ao mesmo tempo.<\/p>\n","protected":false},"excerpt":{"rendered":"<p>Este \u00e9 um livro para auxiliar a crian\u00e7a na fixa\u00e7\u00e3o das letras do alfabeto com letra de f\u00f4rma e serve&hellip;<\/p>\n","protected":false},"featured_media":318689,"comment_status":"open","ping_status":"closed","template":"","meta":[],"product_cat":[144,134],"product_tag":[],"_links":{"self":[{"href":"https:\/\/www.livrariarema.com.br\/loja\/wp-json\/wp\/v2\/product\/257286"}],"collection":[{"href":"https:\/\/www.livrariarema.com.br\/loja\/wp-json\/wp\/v2\/product"}],"about":[{"href":"https:\/\/www.livrariarema.com.br\/loja\/wp-json\/wp\/v2\/types\/product"}],"replies":[{"embeddable":true,"href":"https:\/\/www.livrariarema.com.br\/loja\/wp-json\/wp\/v2\/comments?post=257286"}],"wp:featuredmedia":[{"embeddable":true,"href":"https:\/\/www.livrariarema.com.br\/loja\/wp-json\/wp\/v2\/media\/318689"}],"wp:attachment":[{"href":"https:\/\/www.livrariarema.com.br\/loja\/wp-json\/wp\/v2\/media?parent=257286"}],"wp:term":[{"taxonomy":"product_cat","embeddable":true,"href":"https:\/\/www.livrariarema.com.br\/loja\/wp-json\/wp\/v2\/product_cat?post=257286"},{"taxonomy":"product_tag","embeddable":true,"href":"https:\/\/www.livrariarema.com.br\/loja\/wp-json\/wp\/v2\/product_tag?post=257286"}],"curies":[{"name":"wp","href":"https:\/\/api.w.org\/{rel}","templated":true}]}}