{"id":257288,"date":"2023-10-02T18:08:14","date_gmt":"2023-10-02T21:08:14","guid":{"rendered":"https:\/\/www.livrariarema.com.br\/loja\/produtos\/sem categoria\/aprenda-em-casa-aprendendo-letras-e-numeros\/"},"modified":"2026-03-06T12:00:46","modified_gmt":"2026-03-06T15:00:46","slug":"aprenda-em-casa-aprendendo-letras-e-numeros","status":"publish","type":"product","link":"https:\/\/www.livrariarema.com.br\/loja\/produtos\/livros\/infantil\/aprenda-em-casa-aprendendo-letras-e-numeros\/","title":{"rendered":"Aprenda Em Casa &#8211; Aprendendo Letras E N\u00fameros"},"content":{"rendered":"<p>Aprendendo Letras e N\u00fameros apresenta, de forma l\u00fadica e educativa, uma agrad\u00e1vel proposta:<br \/>\nEnsinar os primeiros tra\u00e7os e no\u00e7\u00f5es num\u00e9ricas rumo \u00e0 alfabetiza\u00e7\u00e3o.<br \/>\nDesenvolver a coordena\u00e7\u00e3o motora, objetivando melhor desempenho na escrita.<br \/>\nEst\u00edmulo ao aprendizado, por meio de um passatempo colorido e divertido.<\/p>\n","protected":false},"excerpt":{"rendered":"<p>Aprendendo Letras e N\u00fameros apresenta, de forma l\u00fadica e educativa, uma agrad\u00e1vel proposta: Ensinar os primeiros tra\u00e7os e no\u00e7\u00f5es num\u00e9ricas&hellip;<\/p>\n","protected":false},"featured_media":314440,"comment_status":"open","ping_status":"closed","template":"","meta":[],"product_cat":[144,134],"product_tag":[],"_links":{"self":[{"href":"https:\/\/www.livrariarema.com.br\/loja\/wp-json\/wp\/v2\/product\/257288"}],"collection":[{"href":"https:\/\/www.livrariarema.com.br\/loja\/wp-json\/wp\/v2\/product"}],"about":[{"href":"https:\/\/www.livrariarema.com.br\/loja\/wp-json\/wp\/v2\/types\/product"}],"replies":[{"embeddable":true,"href":"https:\/\/www.livrariarema.com.br\/loja\/wp-json\/wp\/v2\/comments?post=257288"}],"wp:featuredmedia":[{"embeddable":true,"href":"https:\/\/www.livrariarema.com.br\/loja\/wp-json\/wp\/v2\/media\/314440"}],"wp:attachment":[{"href":"https:\/\/www.livrariarema.com.br\/loja\/wp-json\/wp\/v2\/media?parent=257288"}],"wp:term":[{"taxonomy":"product_cat","embeddable":true,"href":"https:\/\/www.livrariarema.com.br\/loja\/wp-json\/wp\/v2\/product_cat?post=257288"},{"taxonomy":"product_tag","embeddable":true,"href":"https:\/\/www.livrariarema.com.br\/loja\/wp-json\/wp\/v2\/product_tag?post=257288"}],"curies":[{"name":"wp","href":"https:\/\/api.w.org\/{rel}","templated":true}]}}