{"id":257294,"date":"2023-10-02T18:08:32","date_gmt":"2023-10-02T21:08:32","guid":{"rendered":"https:\/\/www.livrariarema.com.br\/loja\/produtos\/sem%20categoria\/amiguinhos-de-pano-animaizinhos-da-fazenda\/"},"modified":"2026-02-03T11:11:06","modified_gmt":"2026-02-03T14:11:06","slug":"amiguinhos-de-pano-animaizinhos-da-fazenda","status":"publish","type":"product","link":"https:\/\/www.livrariarema.com.br\/loja\/produtos\/livros\/infantil\/amiguinhos-de-pano-animaizinhos-da-fazenda\/","title":{"rendered":"Amiguinhos De Pano: Animaizinhos Da Fazenda"},"content":{"rendered":"<p>Com este ador\u00e1vel livro de pano, que apresenta simp\u00e1ticos amiguinhos, em suas divertidas aventuras di\u00e1rias, seu beb\u00ea passar\u00e1 horas se divertindo.<\/p>\n","protected":false},"excerpt":{"rendered":"<p>Com este ador\u00e1vel livro de pano, que apresenta simp\u00e1ticos amiguinhos, em suas divertidas aventuras di\u00e1rias, seu beb\u00ea passar\u00e1 horas se&hellip;<\/p>\n","protected":false},"featured_media":331044,"comment_status":"open","ping_status":"closed","template":"","meta":[],"product_cat":[144,134],"product_tag":[],"_links":{"self":[{"href":"https:\/\/www.livrariarema.com.br\/loja\/wp-json\/wp\/v2\/product\/257294"}],"collection":[{"href":"https:\/\/www.livrariarema.com.br\/loja\/wp-json\/wp\/v2\/product"}],"about":[{"href":"https:\/\/www.livrariarema.com.br\/loja\/wp-json\/wp\/v2\/types\/product"}],"replies":[{"embeddable":true,"href":"https:\/\/www.livrariarema.com.br\/loja\/wp-json\/wp\/v2\/comments?post=257294"}],"wp:featuredmedia":[{"embeddable":true,"href":"https:\/\/www.livrariarema.com.br\/loja\/wp-json\/wp\/v2\/media\/331044"}],"wp:attachment":[{"href":"https:\/\/www.livrariarema.com.br\/loja\/wp-json\/wp\/v2\/media?parent=257294"}],"wp:term":[{"taxonomy":"product_cat","embeddable":true,"href":"https:\/\/www.livrariarema.com.br\/loja\/wp-json\/wp\/v2\/product_cat?post=257294"},{"taxonomy":"product_tag","embeddable":true,"href":"https:\/\/www.livrariarema.com.br\/loja\/wp-json\/wp\/v2\/product_tag?post=257294"}],"curies":[{"name":"wp","href":"https:\/\/api.w.org\/{rel}","templated":true}]}}