{"id":257296,"date":"2023-10-02T18:08:38","date_gmt":"2023-10-02T21:08:38","guid":{"rendered":"https:\/\/www.livrariarema.com.br\/loja\/produtos\/sem categoria\/primeiros-aprendizados-bilingues-animais\/"},"modified":"2025-07-31T11:00:19","modified_gmt":"2025-07-31T14:00:19","slug":"primeiros-aprendizados-bilingues-animais","status":"publish","type":"product","link":"https:\/\/www.livrariarema.com.br\/loja\/produtos\/livros\/infantil\/primeiros-aprendizados-bilingues-animais\/","title":{"rendered":"Primeiros Aprendizados Bilingues: Animais"},"content":{"rendered":"<p>Com esta cole\u00e7\u00e3o a crian\u00e7a ir\u00e1 desenvolver o vocabul\u00e1rio e aprender suas primeiras palavras na L\u00edngua Inglesa de forma flu\u00edda e l\u00fadica, por meio da associa\u00e7\u00e3o entre palavras e imagens correspondentes.<\/p>\n","protected":false},"excerpt":{"rendered":"<p>Com esta cole\u00e7\u00e3o a crian\u00e7a ir\u00e1 desenvolver o vocabul\u00e1rio e aprender suas primeiras palavras na L\u00edngua Inglesa de forma flu\u00edda&hellip;<\/p>\n","protected":false},"featured_media":331092,"comment_status":"open","ping_status":"closed","template":"","meta":[],"product_cat":[144,134],"product_tag":[],"_links":{"self":[{"href":"https:\/\/www.livrariarema.com.br\/loja\/wp-json\/wp\/v2\/product\/257296"}],"collection":[{"href":"https:\/\/www.livrariarema.com.br\/loja\/wp-json\/wp\/v2\/product"}],"about":[{"href":"https:\/\/www.livrariarema.com.br\/loja\/wp-json\/wp\/v2\/types\/product"}],"replies":[{"embeddable":true,"href":"https:\/\/www.livrariarema.com.br\/loja\/wp-json\/wp\/v2\/comments?post=257296"}],"wp:featuredmedia":[{"embeddable":true,"href":"https:\/\/www.livrariarema.com.br\/loja\/wp-json\/wp\/v2\/media\/331092"}],"wp:attachment":[{"href":"https:\/\/www.livrariarema.com.br\/loja\/wp-json\/wp\/v2\/media?parent=257296"}],"wp:term":[{"taxonomy":"product_cat","embeddable":true,"href":"https:\/\/www.livrariarema.com.br\/loja\/wp-json\/wp\/v2\/product_cat?post=257296"},{"taxonomy":"product_tag","embeddable":true,"href":"https:\/\/www.livrariarema.com.br\/loja\/wp-json\/wp\/v2\/product_tag?post=257296"}],"curies":[{"name":"wp","href":"https:\/\/api.w.org\/{rel}","templated":true}]}}