{"id":257472,"date":"2023-10-03T16:44:45","date_gmt":"2023-10-03T19:44:45","guid":{"rendered":"https:\/\/www.livrariarema.com.br\/loja\/produtos\/sem%20categoria\/40-dias-na-terra-media-2a-edicao-eduardo-medeiros\/"},"modified":"2026-03-20T11:45:32","modified_gmt":"2026-03-20T14:45:32","slug":"40-dias-na-terra-media-2a-edicao-eduardo-medeiros","status":"publish","type":"product","link":"https:\/\/www.livrariarema.com.br\/loja\/produtos\/livros\/devocional\/40-dias-na-terra-media-2a-edicao-eduardo-medeiros\/","title":{"rendered":"40 Dias Na Terra-M\u00e9dia &#8211; Eduardo Medeiros"},"content":{"rendered":"<p>Esta obra da s\u00e9rie &#8220;40 Dias&#8221; tem um foco especial na Terra-media, um dos locais mais incr\u00edveis j\u00e1 imaginados por qualquer autor. O colossal universo criado por J.R.R Tolkien oferece a singular oportunidade de mergulhar n\u00e3o apenas na hist\u00f3ria surpreendente, mas tamb\u00e9m na psique de personagens t\u00e3o ricos e complexos. Aprenda princ\u00edpios espirituais profundos a partir dos her\u00f3is e vil\u00f5es da obra de Tolkien, em 40 textos devocionais in\u00e9ditos inspirados nos livros, filmes e s\u00e9rie da Terra-media (e al\u00e9m).<\/p>\n<p>Sobre o autor: Eduardo Medeiros \u00e9 Doutor em Hist\u00f3ria e Especialista em Teologia B\u00edblica. Professor de teologia e pastor de jovens, ele tem dedicado parte dos seus estudos \u00e0s rela\u00e7\u00f5es entre a cultura pop e o cristianismo. \u00c9 autor dos best-sellers &#8220;Devocional Pop&#8221;, da s\u00e9rie &#8220;40 Dias&#8221; (Vingadores, Star Wars, Liga da Justi\u00e7a e Games) e &#8220;60 Dias com as S\u00e9ries&#8221;, al\u00e9m do encarte da &#8220;B\u00edblia Arte&#8221;.<\/p>\n","protected":false},"excerpt":{"rendered":"<p>Esta obra da s\u00e9rie &#8220;40 Dias&#8221; tem um foco especial na Terra-media, um dos locais mais incr\u00edveis j\u00e1 imaginados por&hellip;<\/p>\n","protected":false},"featured_media":323846,"comment_status":"open","ping_status":"closed","template":"","meta":[],"product_cat":[158,134],"product_tag":[],"_links":{"self":[{"href":"https:\/\/www.livrariarema.com.br\/loja\/wp-json\/wp\/v2\/product\/257472"}],"collection":[{"href":"https:\/\/www.livrariarema.com.br\/loja\/wp-json\/wp\/v2\/product"}],"about":[{"href":"https:\/\/www.livrariarema.com.br\/loja\/wp-json\/wp\/v2\/types\/product"}],"replies":[{"embeddable":true,"href":"https:\/\/www.livrariarema.com.br\/loja\/wp-json\/wp\/v2\/comments?post=257472"}],"wp:featuredmedia":[{"embeddable":true,"href":"https:\/\/www.livrariarema.com.br\/loja\/wp-json\/wp\/v2\/media\/323846"}],"wp:attachment":[{"href":"https:\/\/www.livrariarema.com.br\/loja\/wp-json\/wp\/v2\/media?parent=257472"}],"wp:term":[{"taxonomy":"product_cat","embeddable":true,"href":"https:\/\/www.livrariarema.com.br\/loja\/wp-json\/wp\/v2\/product_cat?post=257472"},{"taxonomy":"product_tag","embeddable":true,"href":"https:\/\/www.livrariarema.com.br\/loja\/wp-json\/wp\/v2\/product_tag?post=257472"}],"curies":[{"name":"wp","href":"https:\/\/api.w.org\/{rel}","templated":true}]}}