{"id":257476,"date":"2023-10-03T16:44:56","date_gmt":"2023-10-03T19:44:56","guid":{"rendered":"https:\/\/www.livrariarema.com.br\/loja\/produtos\/sem%20categoria\/jogo-de-cartas-jogo-da-biblia-livreto-versiculos-para-aprender\/"},"modified":"2026-03-13T14:42:15","modified_gmt":"2026-03-13T17:42:15","slug":"jogo-de-cartas-jogo-da-biblia-livreto-versiculos-para-aprender","status":"publish","type":"product","link":"https:\/\/www.livrariarema.com.br\/loja\/produtos\/brinquedos\/jogos-para-familia\/jogo-de-cartas-jogo-da-biblia-livreto-versiculos-para-aprender\/","title":{"rendered":"Jogo De Cartas &#8211; Jogo Da B\u00edblia"},"content":{"rendered":"<p>Jogo da B\u00edblia &#8211; incr\u00edvel jogo de cartas com perguntas e respostas com foco nos Livros da B\u00edblia.<br \/>\nInovador jogo que testar\u00e1 os seus conhecimentos sobre todos os livros da B\u00edblia, com 05 modos de jogo e 86 cartas no total.<\/p>\n","protected":false},"excerpt":{"rendered":"<p>Jogo da B\u00edblia &#8211; incr\u00edvel jogo de cartas com perguntas e respostas com foco nos Livros da B\u00edblia. Inovador jogo&hellip;<\/p>\n","protected":false},"featured_media":341713,"comment_status":"open","ping_status":"closed","template":"","meta":[],"product_cat":[315,316],"product_tag":[],"_links":{"self":[{"href":"https:\/\/www.livrariarema.com.br\/loja\/wp-json\/wp\/v2\/product\/257476"}],"collection":[{"href":"https:\/\/www.livrariarema.com.br\/loja\/wp-json\/wp\/v2\/product"}],"about":[{"href":"https:\/\/www.livrariarema.com.br\/loja\/wp-json\/wp\/v2\/types\/product"}],"replies":[{"embeddable":true,"href":"https:\/\/www.livrariarema.com.br\/loja\/wp-json\/wp\/v2\/comments?post=257476"}],"wp:featuredmedia":[{"embeddable":true,"href":"https:\/\/www.livrariarema.com.br\/loja\/wp-json\/wp\/v2\/media\/341713"}],"wp:attachment":[{"href":"https:\/\/www.livrariarema.com.br\/loja\/wp-json\/wp\/v2\/media?parent=257476"}],"wp:term":[{"taxonomy":"product_cat","embeddable":true,"href":"https:\/\/www.livrariarema.com.br\/loja\/wp-json\/wp\/v2\/product_cat?post=257476"},{"taxonomy":"product_tag","embeddable":true,"href":"https:\/\/www.livrariarema.com.br\/loja\/wp-json\/wp\/v2\/product_tag?post=257476"}],"curies":[{"name":"wp","href":"https:\/\/api.w.org\/{rel}","templated":true}]}}