{"id":257482,"date":"2023-10-03T16:45:13","date_gmt":"2023-10-03T19:45:13","guid":{"rendered":"https:\/\/www.livrariarema.com.br\/loja\/produtos\/sem categoria\/jogo-de-cartas-biblix-livreto\/"},"modified":"2025-05-05T09:46:20","modified_gmt":"2025-05-05T12:46:20","slug":"jogo-de-cartas-biblix-livreto","status":"publish","type":"product","link":"https:\/\/www.livrariarema.com.br\/loja\/produtos\/brinquedos\/jogos-de-cartas\/jogo-de-cartas-biblix-livreto\/","title":{"rendered":"Jogo De Cartas &#8211; Biblix + Livreto"},"content":{"rendered":"<p>Biblix &#8211; um jogo de agilidade e estrat\u00e9gia<br \/>\n<br \/>\nEsse \u00e9 o jogo perfeito para curtir em fam\u00edlia ou entre amigos. Biblix \u00e9 um jogo de cartas com temas b\u00edblicos que devem ser agrupados em uma hist\u00f3ria. Ganha quem formar o grupo primeiro. S\u00e3o 8 hist\u00f3rias diferentes! Mas n\u00e3o se iluda &#8211; as cartas especiais podem fazer o jogo virar a qualquer momento! <\/p>\n<p>Jogo com 72 cartas. M\u00ednimo de 2 jogadores. N\u00e3o indicado para crian\u00e7as abaixo de 7 anos. <\/p>\n","protected":false},"excerpt":{"rendered":"<p>Biblix &#8211; um jogo de agilidade e estrat\u00e9gia Esse \u00e9 o jogo perfeito para curtir em fam\u00edlia ou entre amigos.&hellip;<\/p>\n","protected":false},"featured_media":330426,"comment_status":"open","ping_status":"closed","template":"","meta":[],"product_cat":[315,317],"product_tag":[],"_links":{"self":[{"href":"https:\/\/www.livrariarema.com.br\/loja\/wp-json\/wp\/v2\/product\/257482"}],"collection":[{"href":"https:\/\/www.livrariarema.com.br\/loja\/wp-json\/wp\/v2\/product"}],"about":[{"href":"https:\/\/www.livrariarema.com.br\/loja\/wp-json\/wp\/v2\/types\/product"}],"replies":[{"embeddable":true,"href":"https:\/\/www.livrariarema.com.br\/loja\/wp-json\/wp\/v2\/comments?post=257482"}],"wp:featuredmedia":[{"embeddable":true,"href":"https:\/\/www.livrariarema.com.br\/loja\/wp-json\/wp\/v2\/media\/330426"}],"wp:attachment":[{"href":"https:\/\/www.livrariarema.com.br\/loja\/wp-json\/wp\/v2\/media?parent=257482"}],"wp:term":[{"taxonomy":"product_cat","embeddable":true,"href":"https:\/\/www.livrariarema.com.br\/loja\/wp-json\/wp\/v2\/product_cat?post=257482"},{"taxonomy":"product_tag","embeddable":true,"href":"https:\/\/www.livrariarema.com.br\/loja\/wp-json\/wp\/v2\/product_tag?post=257482"}],"curies":[{"name":"wp","href":"https:\/\/api.w.org\/{rel}","templated":true}]}}