{"id":257484,"date":"2023-10-03T16:45:18","date_gmt":"2023-10-03T19:45:18","guid":{"rendered":"https:\/\/www.livrariarema.com.br\/loja\/produtos\/sem%20categoria\/jogo-da-memoria-o-peregrino-livreto\/"},"modified":"2024-08-23T14:34:04","modified_gmt":"2024-08-23T17:34:04","slug":"jogo-da-memoria-o-peregrino-livreto","status":"publish","type":"product","link":"https:\/\/www.livrariarema.com.br\/loja\/produtos\/diversos\/jogos\/jogo-da-memoria-o-peregrino-livreto\/","title":{"rendered":"Jogo Da Memoria &#8211; O Peregrino + Livreto"},"content":{"rendered":"<p>Jogo da Mem\u00f3ria &#8211; O Peregrino<\/p>\n<p>Um jogo divertido para todas as idades! A saga &#8220;O Peregrino&#8221; e os personagens de um dos livros de fic\u00e7\u00e3o crist\u00e3 mais lidos da hist\u00f3ria viraram um jogo da mem\u00f3ria em cartas colorido e com tra\u00e7os incr\u00edveis. Junto com o jogo, voc\u00ea leva o exclusivo &#8220;Devocional do Peregrino em Mang\u00e1&#8221; para inspirar seus dias com as li\u00e7\u00f5es trazidas pelo best seller de John Bunyan. <\/p>\n<p>Jogo com 116 cartas. N\u00e3o indicado para crian\u00e7as abaixo de 5 anos. <\/p>\n","protected":false},"excerpt":{"rendered":"<p>Jogo da Mem\u00f3ria &#8211; O Peregrino Um jogo divertido para todas as idades! A saga &#8220;O Peregrino&#8221; e os personagens&hellip;<\/p>\n","protected":false},"featured_media":312461,"comment_status":"open","ping_status":"closed","template":"","meta":[],"product_cat":[132,222],"product_tag":[],"_links":{"self":[{"href":"https:\/\/www.livrariarema.com.br\/loja\/wp-json\/wp\/v2\/product\/257484"}],"collection":[{"href":"https:\/\/www.livrariarema.com.br\/loja\/wp-json\/wp\/v2\/product"}],"about":[{"href":"https:\/\/www.livrariarema.com.br\/loja\/wp-json\/wp\/v2\/types\/product"}],"replies":[{"embeddable":true,"href":"https:\/\/www.livrariarema.com.br\/loja\/wp-json\/wp\/v2\/comments?post=257484"}],"wp:featuredmedia":[{"embeddable":true,"href":"https:\/\/www.livrariarema.com.br\/loja\/wp-json\/wp\/v2\/media\/312461"}],"wp:attachment":[{"href":"https:\/\/www.livrariarema.com.br\/loja\/wp-json\/wp\/v2\/media?parent=257484"}],"wp:term":[{"taxonomy":"product_cat","embeddable":true,"href":"https:\/\/www.livrariarema.com.br\/loja\/wp-json\/wp\/v2\/product_cat?post=257484"},{"taxonomy":"product_tag","embeddable":true,"href":"https:\/\/www.livrariarema.com.br\/loja\/wp-json\/wp\/v2\/product_tag?post=257484"}],"curies":[{"name":"wp","href":"https:\/\/api.w.org\/{rel}","templated":true}]}}