{"id":257492,"date":"2023-10-03T16:45:43","date_gmt":"2023-10-03T19:45:43","guid":{"rendered":"https:\/\/www.livrariarema.com.br\/loja\/produtos\/sem%20categoria\/as-cronicas-de-narnia-guia-de-leitura-vol-1-gabriele-greggersen\/"},"modified":"2024-10-31T08:12:03","modified_gmt":"2024-10-31T11:12:03","slug":"as-cronicas-de-narnia-guia-de-leitura-vol-1-gabriele-greggersen","status":"publish","type":"product","link":"https:\/\/www.livrariarema.com.br\/loja\/produtos\/livros\/juvenil\/as-cronicas-de-narnia-guia-de-leitura-vol-1-gabriele-greggersen\/","title":{"rendered":"As Cronicas De Narnia &#8211; Guia De Leitura &#8211; Vol. 1 &#8211; Gabriele Greggersen"},"content":{"rendered":"<p>Muito se fala sobre as correla\u00e7\u00f5es entre o universo ficcional de C. S. Lewis e o cristianismo, ou mesmo sobre quais as influ\u00eancias e inten\u00e7\u00f5es do autor para cria\u00e7\u00e3o de um mundo t\u00e3o instigante como N\u00e1rnia, dono de uma atmosfera graciosamente l\u00fadica e profundamente reflexiva ao mesmo tempo. Como interpretar tais rela\u00e7\u00f5es? Onde encontr\u00e1-las? Como extrair ensinamentos de seus personagens? Aventurar-se nos encantos de N\u00e1rnia instiga a curiosidade dos mais exigentes aos mais jovens leitores da saga &#8211; e essa \u00e9 a raz\u00e3o deste guia. <\/p>\n<p>Ao longo dos seus estudos sobre as obras de C. S. Lewis, a autora Gabriele Greggersen elencou padr\u00f5es e influ\u00eancias presentes em &#8220;As Cr\u00f4nicas de N\u00e1rnia&#8221; e os transformou em um guia de leitura did\u00e1tico e aplic\u00e1vel aos mais variados p\u00fablicos. Inicia-se, neste primeiro volume, com duas das sete Cr\u00f4nicas de N\u00e1rnia: &#8220;O Sobrinho do Mago&#8221; e &#8220;O Le\u00e3o, a Feiticeira e o Guarda-Roupa&#8221;. Os leitores est\u00e3o prestes a iniciar uma jornada de descobertas sobre a imensid\u00e3o de possibilidades pedag\u00f3gicas e espirituais de uma das sagas de fic\u00e7\u00e3o fant\u00e1stica mais lidas do mundo. Uma leitura obrigat\u00f3ria para f\u00e3s das Cr\u00f4nicas, estudiosos do tema ou mesmo para quem deseja iniciar seus primeiros passos na obra do Lewis.<\/p>\n<p>Gabriele Greggersen \u00e9 notoriamente conhecida como uma das maiores especialistas na obra de C. S. Lewis do Brasil, sendo autora de v\u00e1rios t\u00edtulos sobre o tema e tradutora de dezenas das suas obras em nosso idioma. P\u00f3s-doutora em hist\u00f3ria, doutora e mestre em educa\u00e7\u00e3o, licenciada em letras, pedagoga e te\u00f3loga, navega pelo universo das palavras com maestria e transforma os estudos sobre C. S. Lewis em uma tem\u00e1tica acess\u00edvel e prazerosa. Coautora do bestseller &#8220;O Outro Nome de Aslam &#8211; O Cristianismo em As Cr\u00f4nicas de N\u00e1rnia&#8221;, tamb\u00e9m publicado pela Lion Editora.<\/p>\n","protected":false},"excerpt":{"rendered":"<p>Muito se fala sobre as correla\u00e7\u00f5es entre o universo ficcional de C. S. Lewis e o cristianismo, ou mesmo sobre&hellip;<\/p>\n","protected":false},"featured_media":321853,"comment_status":"open","ping_status":"closed","template":"","meta":[],"product_cat":[184,134],"product_tag":[],"_links":{"self":[{"href":"https:\/\/www.livrariarema.com.br\/loja\/wp-json\/wp\/v2\/product\/257492"}],"collection":[{"href":"https:\/\/www.livrariarema.com.br\/loja\/wp-json\/wp\/v2\/product"}],"about":[{"href":"https:\/\/www.livrariarema.com.br\/loja\/wp-json\/wp\/v2\/types\/product"}],"replies":[{"embeddable":true,"href":"https:\/\/www.livrariarema.com.br\/loja\/wp-json\/wp\/v2\/comments?post=257492"}],"wp:featuredmedia":[{"embeddable":true,"href":"https:\/\/www.livrariarema.com.br\/loja\/wp-json\/wp\/v2\/media\/321853"}],"wp:attachment":[{"href":"https:\/\/www.livrariarema.com.br\/loja\/wp-json\/wp\/v2\/media?parent=257492"}],"wp:term":[{"taxonomy":"product_cat","embeddable":true,"href":"https:\/\/www.livrariarema.com.br\/loja\/wp-json\/wp\/v2\/product_cat?post=257492"},{"taxonomy":"product_tag","embeddable":true,"href":"https:\/\/www.livrariarema.com.br\/loja\/wp-json\/wp\/v2\/product_tag?post=257492"}],"curies":[{"name":"wp","href":"https:\/\/api.w.org\/{rel}","templated":true}]}}