{"id":257494,"date":"2023-10-03T16:45:49","date_gmt":"2023-10-03T19:45:49","guid":{"rendered":"https:\/\/www.livrariarema.com.br\/loja\/produtos\/sem%20categoria\/40-devocionais-desenhando-a-biblia-com-os-meus-filhos-flavia-norte\/"},"modified":"2026-02-18T17:10:35","modified_gmt":"2026-02-18T20:10:35","slug":"40-devocionais-desenhando-a-biblia-com-os-meus-filhos-flavia-norte","status":"publish","type":"product","link":"https:\/\/www.livrariarema.com.br\/loja\/produtos\/livros\/infantil\/40-devocionais-desenhando-a-biblia-com-os-meus-filhos-flavia-norte\/","title":{"rendered":"40 Devocionais &#8211; Desenhando A B\u00edblia Com Os Meus Filhos &#8211; Fl\u00e1via Norte"},"content":{"rendered":"<p>Em &#8220;40 Devocionais &#8211; Desenhando a B\u00edblia com os meus Filhos&#8221;. a artista crist\u00e3 Fl\u00e1via Norte prop\u00f5e \u00e0s crian\u00e7as 40 desenhos com o passo a passo de como faz\u00ea-los a devocionais inspiradores sobre o tema. Uma jun\u00e7\u00e3o perfeita entre a arte e a Palavra de Deus, estimula o aprendizado e cria mem\u00f3rias incr\u00edveis sobre aquele momento. Para aprimorar a experi\u00eancia, ainda conta com um QR Code a cada devocional com um pequeno v\u00eddeo demonstrativo da autora sobre aquele desenho e mensagem. Um deleite para quem deseja inovar e criar no momento devocional em fam\u00edlia. <\/p>\n","protected":false},"excerpt":{"rendered":"<p>Em &#8220;40 Devocionais &#8211; Desenhando a B\u00edblia com os meus Filhos&#8221;. a artista crist\u00e3 Fl\u00e1via Norte prop\u00f5e \u00e0s crian\u00e7as 40&hellip;<\/p>\n","protected":false},"featured_media":323848,"comment_status":"open","ping_status":"closed","template":"","meta":[],"product_cat":[144,134],"product_tag":[],"_links":{"self":[{"href":"https:\/\/www.livrariarema.com.br\/loja\/wp-json\/wp\/v2\/product\/257494"}],"collection":[{"href":"https:\/\/www.livrariarema.com.br\/loja\/wp-json\/wp\/v2\/product"}],"about":[{"href":"https:\/\/www.livrariarema.com.br\/loja\/wp-json\/wp\/v2\/types\/product"}],"replies":[{"embeddable":true,"href":"https:\/\/www.livrariarema.com.br\/loja\/wp-json\/wp\/v2\/comments?post=257494"}],"wp:featuredmedia":[{"embeddable":true,"href":"https:\/\/www.livrariarema.com.br\/loja\/wp-json\/wp\/v2\/media\/323848"}],"wp:attachment":[{"href":"https:\/\/www.livrariarema.com.br\/loja\/wp-json\/wp\/v2\/media?parent=257494"}],"wp:term":[{"taxonomy":"product_cat","embeddable":true,"href":"https:\/\/www.livrariarema.com.br\/loja\/wp-json\/wp\/v2\/product_cat?post=257494"},{"taxonomy":"product_tag","embeddable":true,"href":"https:\/\/www.livrariarema.com.br\/loja\/wp-json\/wp\/v2\/product_tag?post=257494"}],"curies":[{"name":"wp","href":"https:\/\/api.w.org\/{rel}","templated":true}]}}