{"id":257504,"date":"2023-10-03T16:46:31","date_gmt":"2023-10-03T19:46:31","guid":{"rendered":"https:\/\/www.livrariarema.com.br\/loja\/produtos\/sem categoria\/manga-o-peregrino\/"},"modified":"2025-12-02T10:49:06","modified_gmt":"2025-12-02T13:49:06","slug":"manga-o-peregrino","status":"publish","type":"product","link":"https:\/\/www.livrariarema.com.br\/loja\/produtos\/livros\/manga-hq\/manga-o-peregrino\/","title":{"rendered":"Mang\u00e1 &#8211; O Peregrino"},"content":{"rendered":"<p>O Peregrino \u00e9 uma das obras mais importantes da literatura &#8211; o livro mais vendido de todos os tempos, sem contar a B\u00edblia Sagrada, traduzido para centenas de idiomas e com mais de 900 milh\u00f5es de exemplares em suas diversas edi\u00e7\u00f5es.<\/br><br \/>\n<\/p>\n<p>Nesta vers\u00e3o in\u00e9dita ilustrada em Mang\u00e1, a lend\u00e1ria alegria de John Bunyan adquire novos contornos, acompanhando a trajet\u00f3ria \u00e9pica de Crist\u00e3o rumo \u00e0 Cidade Celestial.<\/p>\n","protected":false},"excerpt":{"rendered":"<p>O Peregrino \u00e9 uma das obras mais importantes da literatura &#8211; o livro mais vendido de todos os tempos, sem&hellip;<\/p>\n","protected":false},"featured_media":341817,"comment_status":"open","ping_status":"closed","template":"","meta":[],"product_cat":[134,189],"product_tag":[],"_links":{"self":[{"href":"https:\/\/www.livrariarema.com.br\/loja\/wp-json\/wp\/v2\/product\/257504"}],"collection":[{"href":"https:\/\/www.livrariarema.com.br\/loja\/wp-json\/wp\/v2\/product"}],"about":[{"href":"https:\/\/www.livrariarema.com.br\/loja\/wp-json\/wp\/v2\/types\/product"}],"replies":[{"embeddable":true,"href":"https:\/\/www.livrariarema.com.br\/loja\/wp-json\/wp\/v2\/comments?post=257504"}],"wp:featuredmedia":[{"embeddable":true,"href":"https:\/\/www.livrariarema.com.br\/loja\/wp-json\/wp\/v2\/media\/341817"}],"wp:attachment":[{"href":"https:\/\/www.livrariarema.com.br\/loja\/wp-json\/wp\/v2\/media?parent=257504"}],"wp:term":[{"taxonomy":"product_cat","embeddable":true,"href":"https:\/\/www.livrariarema.com.br\/loja\/wp-json\/wp\/v2\/product_cat?post=257504"},{"taxonomy":"product_tag","embeddable":true,"href":"https:\/\/www.livrariarema.com.br\/loja\/wp-json\/wp\/v2\/product_tag?post=257504"}],"curies":[{"name":"wp","href":"https:\/\/api.w.org\/{rel}","templated":true}]}}