{"id":257589,"date":"2023-10-03T18:57:31","date_gmt":"2023-10-03T21:57:31","guid":{"rendered":"https:\/\/www.livrariarema.com.br\/loja\/produtos\/sem categoria\/biblia-nvi-letra-grande-capa-luxo-azul\/"},"modified":"2025-11-07T14:29:46","modified_gmt":"2025-11-07T17:29:46","slug":"biblia-nvi-letra-grande-capa-luxo-azul","status":"publish","type":"product","link":"https:\/\/www.livrariarema.com.br\/loja\/produtos\/biblias\/nvi\/biblia-nvi-letra-grande-capa-luxo-azul\/","title":{"rendered":"B\u00edblia &#8211; Nvi &#8211; Letra Grande &#8211; Capa Luxo &#8211; Azul"},"content":{"rendered":"<p>Esta \u00e9 a B\u00edblia Sagrada com a vers\u00e3o NVI (Nova Vers\u00e3o Internacional), uma das mais modernas tradu\u00e7\u00f5es que valoriza a clareza do texto, permanecendo fiel aos Escritos originais. Proporciona ao leitor uma linguagem mais atual e fluente.<\/p>\n","protected":false},"excerpt":{"rendered":"<p>Esta \u00e9 a B\u00edblia Sagrada com a vers\u00e3o NVI (Nova Vers\u00e3o Internacional), uma das mais modernas tradu\u00e7\u00f5es que valoriza a&hellip;<\/p>\n","protected":false},"featured_media":340752,"comment_status":"open","ping_status":"closed","template":"","meta":[],"product_cat":[139,166],"product_tag":[],"_links":{"self":[{"href":"https:\/\/www.livrariarema.com.br\/loja\/wp-json\/wp\/v2\/product\/257589"}],"collection":[{"href":"https:\/\/www.livrariarema.com.br\/loja\/wp-json\/wp\/v2\/product"}],"about":[{"href":"https:\/\/www.livrariarema.com.br\/loja\/wp-json\/wp\/v2\/types\/product"}],"replies":[{"embeddable":true,"href":"https:\/\/www.livrariarema.com.br\/loja\/wp-json\/wp\/v2\/comments?post=257589"}],"wp:featuredmedia":[{"embeddable":true,"href":"https:\/\/www.livrariarema.com.br\/loja\/wp-json\/wp\/v2\/media\/340752"}],"wp:attachment":[{"href":"https:\/\/www.livrariarema.com.br\/loja\/wp-json\/wp\/v2\/media?parent=257589"}],"wp:term":[{"taxonomy":"product_cat","embeddable":true,"href":"https:\/\/www.livrariarema.com.br\/loja\/wp-json\/wp\/v2\/product_cat?post=257589"},{"taxonomy":"product_tag","embeddable":true,"href":"https:\/\/www.livrariarema.com.br\/loja\/wp-json\/wp\/v2\/product_tag?post=257589"}],"curies":[{"name":"wp","href":"https:\/\/api.w.org\/{rel}","templated":true}]}}