{"id":257624,"date":"2023-10-03T19:00:01","date_gmt":"2023-10-03T22:00:01","guid":{"rendered":"https:\/\/www.livrariarema.com.br\/loja\/produtos\/sem categoria\/biblia-bilingue-nvt-ingles-portugues-neutra\/"},"modified":"2026-03-19T10:20:30","modified_gmt":"2026-03-19T13:20:30","slug":"biblia-bilingue-nvt-ingles-portugues-neutra","status":"publish","type":"product","link":"https:\/\/www.livrariarema.com.br\/loja\/produtos\/biblias\/outros-idiomas\/biblia-bilingue-nvt-ingles-portugues-neutra\/","title":{"rendered":"B\u00edblia Bilingue &#8211; Nvt &#8211; Ingles-Portugues &#8211; Neutra"},"content":{"rendered":"<p>A edi\u00e7\u00e3o Bil\u00edngue traz a vers\u00e3o NVT, levando ao leitor as tradu\u00e7\u00f5es mais contempor\u00e2neas da Palavra de Deus em dois idiomas, Ingl\u00eas e Portugu\u00eas.<br \/>\n\u00c9 ideal para quem est\u00e1 aprendendo portugu\u00eas e ingl\u00eas, e pode ser usado como ferramenta de aprimoramento no idioma, pois atrav\u00e9s do m\u00e9todo comparativo, \u00e9 poss\u00edvel ler o vers\u00edculo na l\u00edngua fluente e comparar com o similar em outro idioma. Al\u00e9m disso, \u00e9 pr\u00f3prio tamb\u00e9m para quem tem conhecimento nos dois idiomas e gostaria de comparar as leituras.<\/p>\n","protected":false},"excerpt":{"rendered":"<p>A edi\u00e7\u00e3o Bil\u00edngue traz a vers\u00e3o NVT, levando ao leitor as tradu\u00e7\u00f5es mais contempor\u00e2neas da Palavra de Deus em dois&hellip;<\/p>\n","protected":false},"featured_media":326033,"comment_status":"open","ping_status":"closed","template":"","meta":[],"product_cat":[139,141],"product_tag":[],"_links":{"self":[{"href":"https:\/\/www.livrariarema.com.br\/loja\/wp-json\/wp\/v2\/product\/257624"}],"collection":[{"href":"https:\/\/www.livrariarema.com.br\/loja\/wp-json\/wp\/v2\/product"}],"about":[{"href":"https:\/\/www.livrariarema.com.br\/loja\/wp-json\/wp\/v2\/types\/product"}],"replies":[{"embeddable":true,"href":"https:\/\/www.livrariarema.com.br\/loja\/wp-json\/wp\/v2\/comments?post=257624"}],"wp:featuredmedia":[{"embeddable":true,"href":"https:\/\/www.livrariarema.com.br\/loja\/wp-json\/wp\/v2\/media\/326033"}],"wp:attachment":[{"href":"https:\/\/www.livrariarema.com.br\/loja\/wp-json\/wp\/v2\/media?parent=257624"}],"wp:term":[{"taxonomy":"product_cat","embeddable":true,"href":"https:\/\/www.livrariarema.com.br\/loja\/wp-json\/wp\/v2\/product_cat?post=257624"},{"taxonomy":"product_tag","embeddable":true,"href":"https:\/\/www.livrariarema.com.br\/loja\/wp-json\/wp\/v2\/product_tag?post=257624"}],"curies":[{"name":"wp","href":"https:\/\/api.w.org\/{rel}","templated":true}]}}