{"id":257632,"date":"2023-10-03T19:00:23","date_gmt":"2023-10-03T22:00:23","guid":{"rendered":"https:\/\/www.livrariarema.com.br\/loja\/produtos\/sem categoria\/biblia-rc-letra-grande-semi-luxo-azul\/"},"modified":"2025-11-07T14:32:01","modified_gmt":"2025-11-07T17:32:01","slug":"biblia-rc-letra-grande-semi-luxo-azul","status":"publish","type":"product","link":"https:\/\/www.livrariarema.com.br\/loja\/produtos\/biblias\/revista-corrigida-biblias\/biblia-rc-letra-grande-semi-luxo-azul\/","title":{"rendered":"B\u00edblia &#8211; Rc &#8211; Letra Grande &#8211; Semi Luxo &#8211; Azul"},"content":{"rendered":"<p>A B\u00edblia ARC 97, GEOGR\u00c1FICA EDITORA, oferece a seu clientes os modernos recursos editoriais sem abrir m\u00e3o do eterno conte\u00fado da Palavra de Deus. Uma das mais tradicionais vers\u00f5es das Sagradas Escrituras, a edi\u00e7\u00e3o Revista e Corrigida \u00e9 a preferida de milh\u00f5es de crist\u00e3os brasileiros por seu estilo s\u00f3brio, que preserva o rigor de uma obra milenar e o zelo pela fidelidade aos originais. Revisada em 1997, sua linguagem ganhou maior fluidez e contemporaneidade, tornando ainda mais f\u00e1cil a plena compreens\u00e3o de seu conte\u00fado at\u00e9 mesmo por leitores pouco acostumados ao texto b\u00edblico. Essa tem um tamanho maior de letra, traz mais conforto na leitura.<\/p>\n","protected":false},"excerpt":{"rendered":"<p>A B\u00edblia ARC 97, GEOGR\u00c1FICA EDITORA, oferece a seu clientes os modernos recursos editoriais sem abrir m\u00e3o do eterno conte\u00fado&hellip;<\/p>\n","protected":false},"featured_media":340768,"comment_status":"open","ping_status":"closed","template":"","meta":[],"product_cat":[139,149],"product_tag":[],"_links":{"self":[{"href":"https:\/\/www.livrariarema.com.br\/loja\/wp-json\/wp\/v2\/product\/257632"}],"collection":[{"href":"https:\/\/www.livrariarema.com.br\/loja\/wp-json\/wp\/v2\/product"}],"about":[{"href":"https:\/\/www.livrariarema.com.br\/loja\/wp-json\/wp\/v2\/types\/product"}],"replies":[{"embeddable":true,"href":"https:\/\/www.livrariarema.com.br\/loja\/wp-json\/wp\/v2\/comments?post=257632"}],"wp:featuredmedia":[{"embeddable":true,"href":"https:\/\/www.livrariarema.com.br\/loja\/wp-json\/wp\/v2\/media\/340768"}],"wp:attachment":[{"href":"https:\/\/www.livrariarema.com.br\/loja\/wp-json\/wp\/v2\/media?parent=257632"}],"wp:term":[{"taxonomy":"product_cat","embeddable":true,"href":"https:\/\/www.livrariarema.com.br\/loja\/wp-json\/wp\/v2\/product_cat?post=257632"},{"taxonomy":"product_tag","embeddable":true,"href":"https:\/\/www.livrariarema.com.br\/loja\/wp-json\/wp\/v2\/product_tag?post=257632"}],"curies":[{"name":"wp","href":"https:\/\/api.w.org\/{rel}","templated":true}]}}