{"id":257638,"date":"2023-10-03T19:00:43","date_gmt":"2023-10-03T22:00:43","guid":{"rendered":"https:\/\/www.livrariarema.com.br\/loja\/produtos\/sem categoria\/devocional-a-vida-e-bela-brochura\/"},"modified":"2025-12-21T16:10:55","modified_gmt":"2025-12-21T19:10:55","slug":"devocional-a-vida-e-bela-brochura","status":"publish","type":"product","link":"https:\/\/www.livrariarema.com.br\/loja\/produtos\/livros\/devocional\/devocional-a-vida-e-bela-brochura\/","title":{"rendered":"Devocional &#8211; A Vida \u00c9 Bela &#8211; Brochura"},"content":{"rendered":"<p>A vida \u00e9 bela &#8211; O cuidado de Deus a cada dia \u00e9 uma cole\u00e7\u00e3o de pequenos e preciosos devocionais para um ano inteiro de medita\u00e7\u00e3o, inspira\u00e7\u00e3o e encorajamento. Para cada manh\u00e3, um texto b\u00edblico \u00e9 a base para uma breve reflex\u00e3o capaz de tornar aquele dia muito melhor e mais feliz. S\u00e3o como pequenas gotas de orvalho que caem sobre a alma, trazendo frescor, esperan\u00e7a e f\u00e9. Lindamente editado, faz de A vida \u00e9 bela uma excelente op\u00e7\u00e3o para presentear algu\u00e9m especial. Permita que a doce Palavra de Deus inunde a sua alma e lembre voc\u00ea, a cada dia, de que a vida \u00e9 um maravilhoso presente do Criador.<\/p>\n","protected":false},"excerpt":{"rendered":"<p>A vida \u00e9 bela &#8211; O cuidado de Deus a cada dia \u00e9 uma cole\u00e7\u00e3o de pequenos e preciosos devocionais&hellip;<\/p>\n","protected":false},"featured_media":340769,"comment_status":"open","ping_status":"closed","template":"","meta":[],"product_cat":[158,134],"product_tag":[],"_links":{"self":[{"href":"https:\/\/www.livrariarema.com.br\/loja\/wp-json\/wp\/v2\/product\/257638"}],"collection":[{"href":"https:\/\/www.livrariarema.com.br\/loja\/wp-json\/wp\/v2\/product"}],"about":[{"href":"https:\/\/www.livrariarema.com.br\/loja\/wp-json\/wp\/v2\/types\/product"}],"replies":[{"embeddable":true,"href":"https:\/\/www.livrariarema.com.br\/loja\/wp-json\/wp\/v2\/comments?post=257638"}],"wp:featuredmedia":[{"embeddable":true,"href":"https:\/\/www.livrariarema.com.br\/loja\/wp-json\/wp\/v2\/media\/340769"}],"wp:attachment":[{"href":"https:\/\/www.livrariarema.com.br\/loja\/wp-json\/wp\/v2\/media?parent=257638"}],"wp:term":[{"taxonomy":"product_cat","embeddable":true,"href":"https:\/\/www.livrariarema.com.br\/loja\/wp-json\/wp\/v2\/product_cat?post=257638"},{"taxonomy":"product_tag","embeddable":true,"href":"https:\/\/www.livrariarema.com.br\/loja\/wp-json\/wp\/v2\/product_tag?post=257638"}],"curies":[{"name":"wp","href":"https:\/\/api.w.org\/{rel}","templated":true}]}}