{"id":257709,"date":"2023-10-04T12:02:31","date_gmt":"2023-10-04T15:02:31","guid":{"rendered":"https:\/\/www.livrariarema.com.br\/loja\/produtos\/sem%20categoria\/os-pioneiros-americanos-a-beira-do-riacho-laura-ingalls-wilder\/"},"modified":"2026-04-10T14:31:25","modified_gmt":"2026-04-10T17:31:25","slug":"os-pioneiros-americanos-a-beira-do-riacho-laura-ingalls-wilder","status":"publish","type":"product","link":"https:\/\/www.livrariarema.com.br\/loja\/produtos\/livros\/juvenil\/os-pioneiros-americanos-a-beira-do-riacho-laura-ingalls-wilder\/","title":{"rendered":"Os Pioneiros Americanos &#8211; Livro 4 &#8211; \u00c0 Beira Do Riacho &#8211; Laura Ingalls Wilder"},"content":{"rendered":"<p>As aventuras de Laura Ingalls e sua fam\u00edlia continuam quando eles deixam a casa na pradaria, viajam em sua carro\u00e7a coberta para Minessota e se instalam em um abrigo \u00e0s margens deum riacho. Laura e Mary v\u00e3o \u00e0 escola, ajudam nas tarefas dom\u00e9sticas e pescam. A rabeca do pai embala as noites. At\u00e9 que um desastre acontece: uma infesta\u00e7\u00e3o de gafanhotos devora a t\u00e3o esperada colheita de trigo. Agora, a fam\u00edlia precisa trabalhar mais do que nunca para superar esse desafio.<\/p>\n","protected":false},"excerpt":{"rendered":"<p>As aventuras de Laura Ingalls e sua fam\u00edlia continuam quando eles deixam a casa na pradaria, viajam em sua carro\u00e7a&hellip;<\/p>\n","protected":false},"featured_media":335739,"comment_status":"open","ping_status":"closed","template":"","meta":[],"product_cat":[184,134],"product_tag":[],"_links":{"self":[{"href":"https:\/\/www.livrariarema.com.br\/loja\/wp-json\/wp\/v2\/product\/257709"}],"collection":[{"href":"https:\/\/www.livrariarema.com.br\/loja\/wp-json\/wp\/v2\/product"}],"about":[{"href":"https:\/\/www.livrariarema.com.br\/loja\/wp-json\/wp\/v2\/types\/product"}],"replies":[{"embeddable":true,"href":"https:\/\/www.livrariarema.com.br\/loja\/wp-json\/wp\/v2\/comments?post=257709"}],"wp:featuredmedia":[{"embeddable":true,"href":"https:\/\/www.livrariarema.com.br\/loja\/wp-json\/wp\/v2\/media\/335739"}],"wp:attachment":[{"href":"https:\/\/www.livrariarema.com.br\/loja\/wp-json\/wp\/v2\/media?parent=257709"}],"wp:term":[{"taxonomy":"product_cat","embeddable":true,"href":"https:\/\/www.livrariarema.com.br\/loja\/wp-json\/wp\/v2\/product_cat?post=257709"},{"taxonomy":"product_tag","embeddable":true,"href":"https:\/\/www.livrariarema.com.br\/loja\/wp-json\/wp\/v2\/product_tag?post=257709"}],"curies":[{"name":"wp","href":"https:\/\/api.w.org\/{rel}","templated":true}]}}