{"id":257714,"date":"2023-10-04T12:03:05","date_gmt":"2023-10-04T15:03:05","guid":{"rendered":"https:\/\/www.livrariarema.com.br\/loja\/produtos\/sem categoria\/biblia-infantil-pequena\/"},"modified":"2025-07-08T07:42:43","modified_gmt":"2025-07-08T10:42:43","slug":"biblia-infantil-pequena","status":"publish","type":"product","link":"https:\/\/www.livrariarema.com.br\/loja\/produtos\/livros\/infantil\/biblia-infantil-pequena\/","title":{"rendered":"B\u00edblia Infantil &#8211; Pequena"},"content":{"rendered":"<p>A hist\u00f3ria da cria\u00e7\u00e3o do mundo, dos grandes her\u00f3is da f\u00e9 e os ensinamentos deixados por Jesus Cristo est\u00e3o reunidos nesse livro repleto de lindas ilustra\u00e7\u00f5es. Conhe\u00e7a um pouco mais sobre o poder e o amor de Deus a cada p\u00e1gina virada.<\/p>\n","protected":false},"excerpt":{"rendered":"<p>A hist\u00f3ria da cria\u00e7\u00e3o do mundo, dos grandes her\u00f3is da f\u00e9 e os ensinamentos deixados por Jesus Cristo est\u00e3o reunidos&hellip;<\/p>\n","protected":false},"featured_media":0,"comment_status":"open","ping_status":"closed","template":"","meta":[],"product_cat":[144,134],"product_tag":[],"_links":{"self":[{"href":"https:\/\/www.livrariarema.com.br\/loja\/wp-json\/wp\/v2\/product\/257714"}],"collection":[{"href":"https:\/\/www.livrariarema.com.br\/loja\/wp-json\/wp\/v2\/product"}],"about":[{"href":"https:\/\/www.livrariarema.com.br\/loja\/wp-json\/wp\/v2\/types\/product"}],"replies":[{"embeddable":true,"href":"https:\/\/www.livrariarema.com.br\/loja\/wp-json\/wp\/v2\/comments?post=257714"}],"wp:attachment":[{"href":"https:\/\/www.livrariarema.com.br\/loja\/wp-json\/wp\/v2\/media?parent=257714"}],"wp:term":[{"taxonomy":"product_cat","embeddable":true,"href":"https:\/\/www.livrariarema.com.br\/loja\/wp-json\/wp\/v2\/product_cat?post=257714"},{"taxonomy":"product_tag","embeddable":true,"href":"https:\/\/www.livrariarema.com.br\/loja\/wp-json\/wp\/v2\/product_tag?post=257714"}],"curies":[{"name":"wp","href":"https:\/\/api.w.org\/{rel}","templated":true}]}}