{"id":257719,"date":"2023-10-04T12:03:34","date_gmt":"2023-10-04T15:03:34","guid":{"rendered":"https:\/\/www.livrariarema.com.br\/loja\/produtos\/sem categoria\/livro-carrossel-historias-biblicas-panorama-pop-up\/"},"modified":"2025-05-17T09:30:55","modified_gmt":"2025-05-17T12:30:55","slug":"livro-carrossel-historias-biblicas-panorama-pop-up","status":"publish","type":"product","link":"https:\/\/www.livrariarema.com.br\/loja\/produtos\/livros\/infantil\/livro-carrossel-historias-biblicas-panorama-pop-up\/","title":{"rendered":"Livro Carrossel &#8211; Hist\u00f3rias B\u00edblicas &#8211; Panorama Pop-Up"},"content":{"rendered":"<p>Conhe\u00e7a No\u00e9, Daniel, Jonas e o casal Maria e Jos\u00e9, pessoas que ouviram a voz de Deus e viram o operar do Senhor em suas vidas. Voc\u00ea ainda vai se encantar com os lindos cen\u00e1rios que dar\u00e3o mais vida \u00e0s hist\u00f3rias ao abrir o livro.<\/p>\n","protected":false},"excerpt":{"rendered":"<p>Conhe\u00e7a No\u00e9, Daniel, Jonas e o casal Maria e Jos\u00e9, pessoas que ouviram a voz de Deus e viram o&hellip;<\/p>\n","protected":false},"featured_media":329356,"comment_status":"open","ping_status":"closed","template":"","meta":[],"product_cat":[144,134],"product_tag":[],"_links":{"self":[{"href":"https:\/\/www.livrariarema.com.br\/loja\/wp-json\/wp\/v2\/product\/257719"}],"collection":[{"href":"https:\/\/www.livrariarema.com.br\/loja\/wp-json\/wp\/v2\/product"}],"about":[{"href":"https:\/\/www.livrariarema.com.br\/loja\/wp-json\/wp\/v2\/types\/product"}],"replies":[{"embeddable":true,"href":"https:\/\/www.livrariarema.com.br\/loja\/wp-json\/wp\/v2\/comments?post=257719"}],"wp:featuredmedia":[{"embeddable":true,"href":"https:\/\/www.livrariarema.com.br\/loja\/wp-json\/wp\/v2\/media\/329356"}],"wp:attachment":[{"href":"https:\/\/www.livrariarema.com.br\/loja\/wp-json\/wp\/v2\/media?parent=257719"}],"wp:term":[{"taxonomy":"product_cat","embeddable":true,"href":"https:\/\/www.livrariarema.com.br\/loja\/wp-json\/wp\/v2\/product_cat?post=257719"},{"taxonomy":"product_tag","embeddable":true,"href":"https:\/\/www.livrariarema.com.br\/loja\/wp-json\/wp\/v2\/product_tag?post=257719"}],"curies":[{"name":"wp","href":"https:\/\/api.w.org\/{rel}","templated":true}]}}