{"id":257730,"date":"2023-10-04T12:04:14","date_gmt":"2023-10-04T15:04:14","guid":{"rendered":"https:\/\/www.livrariarema.com.br\/loja\/produtos\/sem categoria\/biblia-para-criancas-2\/"},"modified":"2025-07-08T07:42:55","modified_gmt":"2025-07-08T10:42:55","slug":"biblia-para-criancas-2","status":"publish","type":"product","link":"https:\/\/www.livrariarema.com.br\/loja\/produtos\/livros\/infantil\/biblia-para-criancas-2\/","title":{"rendered":"B\u00edblia Para Crian\u00e7as"},"content":{"rendered":"<p>Conhe\u00e7a lindas hist\u00f3rias do Antigo e do Novo Testamento! Saiba quem foram No\u00e9, Mois\u00e9s, Davi e outros homens de f\u00e9, descubra os ensinamentos de Jesus e aprenda valores como bondade e compaix\u00e3o.<\/p>\n","protected":false},"excerpt":{"rendered":"<p>Conhe\u00e7a lindas hist\u00f3rias do Antigo e do Novo Testamento! Saiba quem foram No\u00e9, Mois\u00e9s, Davi e outros homens de f\u00e9,&hellip;<\/p>\n","protected":false},"featured_media":319119,"comment_status":"open","ping_status":"closed","template":"","meta":[],"product_cat":[144,134],"product_tag":[],"_links":{"self":[{"href":"https:\/\/www.livrariarema.com.br\/loja\/wp-json\/wp\/v2\/product\/257730"}],"collection":[{"href":"https:\/\/www.livrariarema.com.br\/loja\/wp-json\/wp\/v2\/product"}],"about":[{"href":"https:\/\/www.livrariarema.com.br\/loja\/wp-json\/wp\/v2\/types\/product"}],"replies":[{"embeddable":true,"href":"https:\/\/www.livrariarema.com.br\/loja\/wp-json\/wp\/v2\/comments?post=257730"}],"wp:featuredmedia":[{"embeddable":true,"href":"https:\/\/www.livrariarema.com.br\/loja\/wp-json\/wp\/v2\/media\/319119"}],"wp:attachment":[{"href":"https:\/\/www.livrariarema.com.br\/loja\/wp-json\/wp\/v2\/media?parent=257730"}],"wp:term":[{"taxonomy":"product_cat","embeddable":true,"href":"https:\/\/www.livrariarema.com.br\/loja\/wp-json\/wp\/v2\/product_cat?post=257730"},{"taxonomy":"product_tag","embeddable":true,"href":"https:\/\/www.livrariarema.com.br\/loja\/wp-json\/wp\/v2\/product_tag?post=257730"}],"curies":[{"name":"wp","href":"https:\/\/api.w.org\/{rel}","templated":true}]}}