{"id":257741,"date":"2023-10-04T12:04:55","date_gmt":"2023-10-04T15:04:55","guid":{"rendered":"https:\/\/www.livrariarema.com.br\/loja\/produtos\/sem categoria\/escreva-e-apague-subtracao\/"},"modified":"2025-01-20T17:40:27","modified_gmt":"2025-01-20T20:40:27","slug":"escreva-e-apague-subtracao","status":"publish","type":"product","link":"https:\/\/www.livrariarema.com.br\/loja\/produtos\/livros\/infantil\/escreva-e-apague-subtracao\/","title":{"rendered":"Escreva E Apague &#8211; Subtra\u00e7\u00e3o"},"content":{"rendered":"<p>\u00c9 hora de contar, recontar, escrever e apagar! Divirta-se fazendo os c\u00e1lculos e subtraindo brinquedos, frutas e muito mais. Quando terminar, \u00e9 s\u00f3 passar um pano e recome\u00e7ar a brincadeira!<\/p>\n","protected":false},"excerpt":{"rendered":"<p>\u00c9 hora de contar, recontar, escrever e apagar! Divirta-se fazendo os c\u00e1lculos e subtraindo brinquedos, frutas e muito mais. Quando&hellip;<\/p>\n","protected":false},"featured_media":306854,"comment_status":"open","ping_status":"closed","template":"","meta":[],"product_cat":[144,134],"product_tag":[],"_links":{"self":[{"href":"https:\/\/www.livrariarema.com.br\/loja\/wp-json\/wp\/v2\/product\/257741"}],"collection":[{"href":"https:\/\/www.livrariarema.com.br\/loja\/wp-json\/wp\/v2\/product"}],"about":[{"href":"https:\/\/www.livrariarema.com.br\/loja\/wp-json\/wp\/v2\/types\/product"}],"replies":[{"embeddable":true,"href":"https:\/\/www.livrariarema.com.br\/loja\/wp-json\/wp\/v2\/comments?post=257741"}],"wp:featuredmedia":[{"embeddable":true,"href":"https:\/\/www.livrariarema.com.br\/loja\/wp-json\/wp\/v2\/media\/306854"}],"wp:attachment":[{"href":"https:\/\/www.livrariarema.com.br\/loja\/wp-json\/wp\/v2\/media?parent=257741"}],"wp:term":[{"taxonomy":"product_cat","embeddable":true,"href":"https:\/\/www.livrariarema.com.br\/loja\/wp-json\/wp\/v2\/product_cat?post=257741"},{"taxonomy":"product_tag","embeddable":true,"href":"https:\/\/www.livrariarema.com.br\/loja\/wp-json\/wp\/v2\/product_tag?post=257741"}],"curies":[{"name":"wp","href":"https:\/\/api.w.org\/{rel}","templated":true}]}}