{"id":257930,"date":"2023-10-04T14:29:27","date_gmt":"2023-10-04T17:29:27","guid":{"rendered":"https:\/\/www.livrariarema.com.br\/loja\/produtos\/sem categoria\/o-sacerdote-aarao-francine-rivers\/"},"modified":"2026-01-10T10:21:03","modified_gmt":"2026-01-10T13:21:03","slug":"o-sacerdote-aarao-francine-rivers","status":"publish","type":"product","link":"https:\/\/www.livrariarema.com.br\/loja\/produtos\/livros\/romance\/o-sacerdote-aarao-francine-rivers\/","title":{"rendered":"O Sacerdote: Aarao &#8211; Francine Rivers"},"content":{"rendered":"<p>Da renomada autora de livros crist\u00e3os, Francine Rivers, uma nova hist\u00f3ria de f\u00e9. Mois\u00e9s abriu o Mar Vermelho. Mas \u00e0 sua sombra estava Aar\u00e3o, um homem que simboliza para sempre nosso grande Sumo Sacerdote. Seja desafiado por este homem fiel cuja hist\u00f3ria nunca devemos esquecer. O Sacerdote \u00e9 a hist\u00f3ria de Aar\u00e3o e o primeiro livro da popular s\u00e9rie Filhos da Coragem sobre cinco homens que silenciosamente mudaram a eternidade.<\/p>\n","protected":false},"excerpt":{"rendered":"<p>Da renomada autora de livros crist\u00e3os, Francine Rivers, uma nova hist\u00f3ria de f\u00e9. Mois\u00e9s abriu o Mar Vermelho. Mas \u00e0&hellip;<\/p>\n","protected":false},"featured_media":335737,"comment_status":"open","ping_status":"closed","template":"","meta":[],"product_cat":[134,182],"product_tag":[],"_links":{"self":[{"href":"https:\/\/www.livrariarema.com.br\/loja\/wp-json\/wp\/v2\/product\/257930"}],"collection":[{"href":"https:\/\/www.livrariarema.com.br\/loja\/wp-json\/wp\/v2\/product"}],"about":[{"href":"https:\/\/www.livrariarema.com.br\/loja\/wp-json\/wp\/v2\/types\/product"}],"replies":[{"embeddable":true,"href":"https:\/\/www.livrariarema.com.br\/loja\/wp-json\/wp\/v2\/comments?post=257930"}],"wp:featuredmedia":[{"embeddable":true,"href":"https:\/\/www.livrariarema.com.br\/loja\/wp-json\/wp\/v2\/media\/335737"}],"wp:attachment":[{"href":"https:\/\/www.livrariarema.com.br\/loja\/wp-json\/wp\/v2\/media?parent=257930"}],"wp:term":[{"taxonomy":"product_cat","embeddable":true,"href":"https:\/\/www.livrariarema.com.br\/loja\/wp-json\/wp\/v2\/product_cat?post=257930"},{"taxonomy":"product_tag","embeddable":true,"href":"https:\/\/www.livrariarema.com.br\/loja\/wp-json\/wp\/v2\/product_tag?post=257930"}],"curies":[{"name":"wp","href":"https:\/\/api.w.org\/{rel}","templated":true}]}}