{"id":258810,"date":"2023-10-09T12:24:08","date_gmt":"2023-10-09T15:24:08","guid":{"rendered":"https:\/\/www.livrariarema.com.br\/loja\/produtos\/sem%20categoria\/biblia-king-james-1611-de-estudo-spurgeon-capa-luxo-marrom-preto\/"},"modified":"2026-03-30T16:10:52","modified_gmt":"2026-03-30T19:10:52","slug":"biblia-king-james-1611-de-estudo-spurgeon-capa-luxo-marrom-preto","status":"publish","type":"product","link":"https:\/\/www.livrariarema.com.br\/loja\/produtos\/biblias\/estudo\/biblia-king-james-1611-de-estudo-spurgeon-capa-luxo-marrom-preto\/","title":{"rendered":"B\u00edblia King James 1611 De Estudo Spurgeon &#8211; Capa Luxo &#8211; Marrom\/Preto"},"content":{"rendered":"<p>A B\u00edblia de estudos mais completa escrita por Charles H. Spurgeon, conhecido como &#8220;pr\u00edncipe dos pregadores&#8221;, foi um dos maiores evangelistas do s\u00e9culo XIX, pregando para mais de 10 milh\u00f5es de pessoas durante a sua vida.  Ap\u00f3s mais de 100 anos de sua morte, seu exemplo de f\u00e9 e pr\u00e1tica do evangelho ainda continua inspirando milhares de crist\u00e3os ao redor do mundo.<\/p>\n<p>A B\u00edblia de Spurgeon apresenta milhares de trechos dos serm\u00f5es de Spurgeon com coment\u00e1rios, selecionados e editados por Alistair Begg para trazer a riqueza das percep\u00e7\u00f5es do Pr\u00edncipe dos Pregadores para o seu estudo di\u00e1rio da Palavra de Deus.<\/p>\n<p>Voc\u00ea encontrar\u00e1:<br \/>\nMais de 10.000 notas de estudos &#8211; Expositivos e de Aplica\u00e7\u00e3o pessoal<br \/>\nSerm\u00f5es in\u00e9ditos<br \/>\nBiografia de Charles H. Spurgeon<br \/>\nLinha do tempo de Charles H. Spurgeon<br \/>\nIlustra\u00e7\u00f5es de serm\u00f5es extra\u00eddas colocadas na mesma p\u00e1gina que o texto b\u00edblico associado.<br \/>\nEsbo\u00e7os e fotos dos serm\u00f5es na pr\u00f3pria caligrafia de Spurgeon.<br \/>\nIntrodu\u00e7\u00f5es de livros com resumo usando as pr\u00f3prias palavras de Spurgeon.<br \/>\nDesign elegante de duas cores.<br \/>\nFormato de duas colunas<br \/>\nCabe\u00e7alhos de assuntos t\u00f3picos<br \/>\nPalavras em vermelho: Deus, Jesus e do Esp\u00edrito Santo<br \/>\nPilcrow  &#8211; Marca os par\u00e1grafos<br \/>\nTamanho de letra 12,5<br \/>\nA B\u00edblia King James BKJ 1611 de estudo Spurgeon, em todas essas ferramentas traz a extra\u00e7\u00e3o dos serm\u00f5es escritos por Spurgeon, os leitores dessa obra, ter\u00e3o uma experi\u00eancia de aproxima\u00e7\u00e3o ao conhecimento deixado por esse grande ministro do evangelho, que mostra em seus serm\u00f5es o amor pelas almas. Em um de seus serm\u00f5es Spurgeon disse: &#8220;Acho que sou obrigado a estudar com dedica\u00e7\u00e3o e, portanto, n\u00e3o tentar o Esp\u00edrito com serm\u00f5es despreparados.&#8221; Vemos aqui a dedica\u00e7\u00e3o de Spurgeon e a sua preocupa\u00e7\u00e3o na divulga\u00e7\u00e3o do Reino de Deus.<\/p>\n<p>Podemos dizer que possu\u00edmos uma joia rara, uma verdadeira obra-prima, uma B\u00edblia diferente das que usualmente possu\u00edmos. Nesta B\u00edblia, em trabalho conjunto com a Life Way e B&amp;H Bible, voc\u00ea encontrar\u00e1 todos, ou quase todos os estudos que Spurgeon desenvolveu na trajet\u00f3ria de sua vida pastoral.<\/p>\n","protected":false},"excerpt":{"rendered":"<p>A B\u00edblia de estudos mais completa escrita por Charles H. Spurgeon, conhecido como &#8220;pr\u00edncipe dos pregadores&#8221;, foi um dos maiores&hellip;<\/p>\n","protected":false},"featured_media":345209,"comment_status":"open","ping_status":"closed","template":"","meta":[],"product_cat":[139,140],"product_tag":[],"_links":{"self":[{"href":"https:\/\/www.livrariarema.com.br\/loja\/wp-json\/wp\/v2\/product\/258810"}],"collection":[{"href":"https:\/\/www.livrariarema.com.br\/loja\/wp-json\/wp\/v2\/product"}],"about":[{"href":"https:\/\/www.livrariarema.com.br\/loja\/wp-json\/wp\/v2\/types\/product"}],"replies":[{"embeddable":true,"href":"https:\/\/www.livrariarema.com.br\/loja\/wp-json\/wp\/v2\/comments?post=258810"}],"wp:featuredmedia":[{"embeddable":true,"href":"https:\/\/www.livrariarema.com.br\/loja\/wp-json\/wp\/v2\/media\/345209"}],"wp:attachment":[{"href":"https:\/\/www.livrariarema.com.br\/loja\/wp-json\/wp\/v2\/media?parent=258810"}],"wp:term":[{"taxonomy":"product_cat","embeddable":true,"href":"https:\/\/www.livrariarema.com.br\/loja\/wp-json\/wp\/v2\/product_cat?post=258810"},{"taxonomy":"product_tag","embeddable":true,"href":"https:\/\/www.livrariarema.com.br\/loja\/wp-json\/wp\/v2\/product_tag?post=258810"}],"curies":[{"name":"wp","href":"https:\/\/api.w.org\/{rel}","templated":true}]}}