{"id":258835,"date":"2023-10-09T16:38:47","date_gmt":"2023-10-09T19:38:47","guid":{"rendered":"https:\/\/www.livrariarema.com.br\/loja\/produtos\/sem categoria\/narnia-contos-misterio-e-encanto-gabriele-greggersen-2\/"},"modified":"2025-09-06T12:02:08","modified_gmt":"2025-09-06T15:02:08","slug":"narnia-contos-misterio-e-encanto-gabriele-greggersen-2","status":"publish","type":"product","link":"https:\/\/www.livrariarema.com.br\/loja\/produtos\/livros\/juvenil\/narnia-contos-misterio-e-encanto-gabriele-greggersen-2\/","title":{"rendered":"Narnia: Contos, Mist\u00e9rio E Encanto &#8211; Gabriele Greggersen"},"content":{"rendered":"<p>De forma envolvente e encantadora, a consagrada escritora Gabriele Greggersen entrega aos leitores uma colet\u00e2nea de contos in\u00e9ditos, que entrela\u00e7a seu profundo repert\u00f3rio sobre o universo ficcional de N\u00e1rnia a um instigante mundo de hist\u00f3rias e enredos surpreendentes, repleto de reflex\u00f5es e inspira\u00e7\u00f5es para a vida. <\/p>\n<p>Permita-se viajar pelo universo ficcional criado por C. S. Lewis sob um olhar intuitivo, imaginativo e leve, criado pela autora em 19 contos apaixonantes. Aventure-se no imagin\u00e1rio de N\u00e1rnia como voc\u00ea nunca viu! <\/p>\n<p>Gabriele Greggersen \u00e9 notoriamente conhecida como uma das maiores especialistas na obra de C. S. Lewis do Brasil, sendo autora de v\u00e1rios t\u00edtulos sobre o tema e tradutora de dezenas das suas obras em nosso idioma. P\u00f3s-doutora em hist\u00f3ria, doutora e mestre em educa\u00e7\u00e3o, pedagoga e te\u00f3loga, navega pelo universo das palavras com maestria &#8211; dos mais aprofundados estudos \u00e0 not\u00f3ria leveza e cad\u00eancia dos seus contos. <\/p>\n","protected":false},"excerpt":{"rendered":"<p>De forma envolvente e encantadora, a consagrada escritora Gabriele Greggersen entrega aos leitores uma colet\u00e2nea de contos in\u00e9ditos, que entrela\u00e7a&hellip;<\/p>\n","protected":false},"featured_media":302493,"comment_status":"open","ping_status":"closed","template":"","meta":[],"product_cat":[184,134],"product_tag":[],"_links":{"self":[{"href":"https:\/\/www.livrariarema.com.br\/loja\/wp-json\/wp\/v2\/product\/258835"}],"collection":[{"href":"https:\/\/www.livrariarema.com.br\/loja\/wp-json\/wp\/v2\/product"}],"about":[{"href":"https:\/\/www.livrariarema.com.br\/loja\/wp-json\/wp\/v2\/types\/product"}],"replies":[{"embeddable":true,"href":"https:\/\/www.livrariarema.com.br\/loja\/wp-json\/wp\/v2\/comments?post=258835"}],"wp:featuredmedia":[{"embeddable":true,"href":"https:\/\/www.livrariarema.com.br\/loja\/wp-json\/wp\/v2\/media\/302493"}],"wp:attachment":[{"href":"https:\/\/www.livrariarema.com.br\/loja\/wp-json\/wp\/v2\/media?parent=258835"}],"wp:term":[{"taxonomy":"product_cat","embeddable":true,"href":"https:\/\/www.livrariarema.com.br\/loja\/wp-json\/wp\/v2\/product_cat?post=258835"},{"taxonomy":"product_tag","embeddable":true,"href":"https:\/\/www.livrariarema.com.br\/loja\/wp-json\/wp\/v2\/product_tag?post=258835"}],"curies":[{"name":"wp","href":"https:\/\/api.w.org\/{rel}","templated":true}]}}