{"id":259596,"date":"2023-10-16T12:19:56","date_gmt":"2023-10-16T15:19:56","guid":{"rendered":"https:\/\/www.livrariarema.com.br\/loja\/produtos\/sem categoria\/biblia-grande-letra-gigante-luxo-vinho-blgglp\/"},"modified":"2024-07-05T14:18:29","modified_gmt":"2024-07-05T17:18:29","slug":"biblia-grande-letra-gigante-luxo-vinho-blgglp","status":"publish","type":"product","link":"https:\/\/www.livrariarema.com.br\/loja\/produtos\/biblias\/revista-corrigida-fiel\/biblia-grande-letra-gigante-luxo-vinho-blgglp\/","title":{"rendered":"B\u00edblia Grande &#8211; Letra Gigante &#8211; Luxo &#8211; Vinho (Blgglp)"},"content":{"rendered":"<p>A vers\u00e3o Almeida Corrigida Fiel | acf (revisado segundo o novo acordo ortogr\u00e1fico da l\u00edngua portuguesa em 2011) \u00e9 uma tradu\u00e7\u00e3o fiel do Velho Testamento em Hebraico (Massor\u00e9tico) e do Novo Testamento em Grego (Textus Receptus), segundo o m\u00e9todo de tradu\u00e7\u00e3o formal (traduzindo cada palavra e mantendo a beleza lingu\u00edstica). Esta B\u00edblia tem formato grande e letra gigante (excelente legibilidade). Possui tamb\u00e9m: Gloss\u00e1rio (um pequeno dicion\u00e1rio). Capa recouro luxo, na cor vinho. Impresso no Brasil.<\/p>\n","protected":false},"excerpt":{"rendered":"<p>A vers\u00e3o Almeida Corrigida Fiel | acf (revisado segundo o novo acordo ortogr\u00e1fico da l\u00edngua portuguesa em 2011) \u00e9 uma&hellip;<\/p>\n","protected":false},"featured_media":0,"comment_status":"open","ping_status":"closed","template":"","meta":[],"product_cat":[139,212],"product_tag":[],"_links":{"self":[{"href":"https:\/\/www.livrariarema.com.br\/loja\/wp-json\/wp\/v2\/product\/259596"}],"collection":[{"href":"https:\/\/www.livrariarema.com.br\/loja\/wp-json\/wp\/v2\/product"}],"about":[{"href":"https:\/\/www.livrariarema.com.br\/loja\/wp-json\/wp\/v2\/types\/product"}],"replies":[{"embeddable":true,"href":"https:\/\/www.livrariarema.com.br\/loja\/wp-json\/wp\/v2\/comments?post=259596"}],"wp:attachment":[{"href":"https:\/\/www.livrariarema.com.br\/loja\/wp-json\/wp\/v2\/media?parent=259596"}],"wp:term":[{"taxonomy":"product_cat","embeddable":true,"href":"https:\/\/www.livrariarema.com.br\/loja\/wp-json\/wp\/v2\/product_cat?post=259596"},{"taxonomy":"product_tag","embeddable":true,"href":"https:\/\/www.livrariarema.com.br\/loja\/wp-json\/wp\/v2\/product_tag?post=259596"}],"curies":[{"name":"wp","href":"https:\/\/api.w.org\/{rel}","templated":true}]}}