{"id":259889,"date":"2023-10-16T14:20:15","date_gmt":"2023-10-16T17:20:15","guid":{"rendered":"https:\/\/www.livrariarema.com.br\/loja\/produtos\/sem categoria\/biblia-media-fina-letra-media-luxo-vinho\/"},"modified":"2024-01-24T10:15:27","modified_gmt":"2024-01-24T13:15:27","slug":"biblia-media-fina-letra-media-luxo-vinho","status":"publish","type":"product","link":"https:\/\/www.livrariarema.com.br\/loja\/produtos\/biblias\/revista-corrigida-fiel\/biblia-media-fina-letra-media-luxo-vinho\/","title":{"rendered":"B\u00edblia M\u00e9dia Fina &#8211; Letra M\u00e9dia &#8211; Luxo &#8211; Vinho"},"content":{"rendered":"<p>A vers\u00e3o Almeida Corrigida Fiel | acf (revisado segundo o novo acordo ortogr\u00e1fico da l\u00edngua portuguesa em 2011) \u00e9 uma tradu\u00e7\u00e3o fiel do Velho Testamento em Hebraico (Massor\u00e9tico) e do Novo Testamento em Grego (Textus Receptus), segundo o m\u00e9todo de tradu\u00e7\u00e3o formal (traduzindo cada palavra e mantendo a beleza lingu\u00edstica). Esta B\u00edblia tem tanto formato e letra m\u00e9dia, com espessura fina. Possui tamb\u00e9m: Subt\u00edtulos no cabe\u00e7alho (aux\u00edlio para encontrar passagens b\u00edblicas) e Gloss\u00e1rio (um pequeno dicion\u00e1rio). Capa luxo, na cor vinho. B\u00edblia impressa em papel premium. Impresso na Geogr\u00e1fica, Brasil.<\/p>\n","protected":false},"excerpt":{"rendered":"<p>A vers\u00e3o Almeida Corrigida Fiel | acf (revisado segundo o novo acordo ortogr\u00e1fico da l\u00edngua portuguesa em 2011) \u00e9 uma&hellip;<\/p>\n","protected":false},"featured_media":259888,"comment_status":"open","ping_status":"closed","template":"","meta":[],"product_cat":[139,212],"product_tag":[],"_links":{"self":[{"href":"https:\/\/www.livrariarema.com.br\/loja\/wp-json\/wp\/v2\/product\/259889"}],"collection":[{"href":"https:\/\/www.livrariarema.com.br\/loja\/wp-json\/wp\/v2\/product"}],"about":[{"href":"https:\/\/www.livrariarema.com.br\/loja\/wp-json\/wp\/v2\/types\/product"}],"replies":[{"embeddable":true,"href":"https:\/\/www.livrariarema.com.br\/loja\/wp-json\/wp\/v2\/comments?post=259889"}],"wp:featuredmedia":[{"embeddable":true,"href":"https:\/\/www.livrariarema.com.br\/loja\/wp-json\/wp\/v2\/media\/259888"}],"wp:attachment":[{"href":"https:\/\/www.livrariarema.com.br\/loja\/wp-json\/wp\/v2\/media?parent=259889"}],"wp:term":[{"taxonomy":"product_cat","embeddable":true,"href":"https:\/\/www.livrariarema.com.br\/loja\/wp-json\/wp\/v2\/product_cat?post=259889"},{"taxonomy":"product_tag","embeddable":true,"href":"https:\/\/www.livrariarema.com.br\/loja\/wp-json\/wp\/v2\/product_tag?post=259889"}],"curies":[{"name":"wp","href":"https:\/\/api.w.org\/{rel}","templated":true}]}}