{"id":259901,"date":"2023-10-16T14:20:49","date_gmt":"2023-10-16T17:20:49","guid":{"rendered":"https:\/\/www.livrariarema.com.br\/loja\/produtos\/sem categoria\/apontador-com-deposito-borracha-tris-duplo-astro\/"},"modified":"2026-01-08T13:40:48","modified_gmt":"2026-01-08T16:40:48","slug":"apontador-com-deposito-borracha-tris-duplo-astro","status":"publish","type":"product","link":"https:\/\/www.livrariarema.com.br\/loja\/produtos\/papelaria\/apontador\/apontador-com-deposito-borracha-tris-duplo-astro\/","title":{"rendered":"Apontador Com Dep\u00f3sito + Borracha &#8211; Tris &#8211; Duplo &#8211; Astro"},"content":{"rendered":"<p>Com formato de astronautas, o apontador duplo + borracha Astro \u00e9 2 em 1, trazendo muita praticidade para o dia-a-dia. Sua borracha \u00e9 n\u00e3o t\u00f3xica e o apontador tem l\u00e2mina antiferrugem.<\/p>\n<p>Vendido individualmente<\/p>\n<p>Registro Inmetro 002112\/2023<\/p>\n","protected":false},"excerpt":{"rendered":"<p>Com formato de astronautas, o apontador duplo + borracha Astro \u00e9 2 em 1, trazendo muita praticidade para o dia-a-dia.&hellip;<\/p>\n","protected":false},"featured_media":319894,"comment_status":"open","ping_status":"closed","template":"","meta":[],"product_cat":[283,215],"product_tag":[],"_links":{"self":[{"href":"https:\/\/www.livrariarema.com.br\/loja\/wp-json\/wp\/v2\/product\/259901"}],"collection":[{"href":"https:\/\/www.livrariarema.com.br\/loja\/wp-json\/wp\/v2\/product"}],"about":[{"href":"https:\/\/www.livrariarema.com.br\/loja\/wp-json\/wp\/v2\/types\/product"}],"replies":[{"embeddable":true,"href":"https:\/\/www.livrariarema.com.br\/loja\/wp-json\/wp\/v2\/comments?post=259901"}],"wp:featuredmedia":[{"embeddable":true,"href":"https:\/\/www.livrariarema.com.br\/loja\/wp-json\/wp\/v2\/media\/319894"}],"wp:attachment":[{"href":"https:\/\/www.livrariarema.com.br\/loja\/wp-json\/wp\/v2\/media?parent=259901"}],"wp:term":[{"taxonomy":"product_cat","embeddable":true,"href":"https:\/\/www.livrariarema.com.br\/loja\/wp-json\/wp\/v2\/product_cat?post=259901"},{"taxonomy":"product_tag","embeddable":true,"href":"https:\/\/www.livrariarema.com.br\/loja\/wp-json\/wp\/v2\/product_tag?post=259901"}],"curies":[{"name":"wp","href":"https:\/\/api.w.org\/{rel}","templated":true}]}}