{"id":259903,"date":"2023-10-16T14:20:54","date_gmt":"2023-10-16T17:20:54","guid":{"rendered":"https:\/\/www.livrariarema.com.br\/loja\/produtos\/sem categoria\/caneta-borracha-tris-play\/"},"modified":"2025-01-27T16:50:10","modified_gmt":"2025-01-27T19:50:10","slug":"caneta-borracha-tris-play","status":"publish","type":"product","link":"https:\/\/www.livrariarema.com.br\/loja\/produtos\/papelaria\/borracha\/caneta-borracha-tris-play\/","title":{"rendered":"Caneta Borracha &#8211; Tris &#8211; Play"},"content":{"rendered":"<p>A caneta borracha Play possui mecanismo retr\u00e1til, trazendo mais praticidade e conforto pra sua rotina. Disponivel em cores sortidas e estampas radicais. A borracha \u00e9 livre de PVC e de textura macia. Dimens\u00f5es: 12,5&#215;1,7&#215;1,5cm<\/p>\n<p>Vendido individualmente<\/p>\n","protected":false},"excerpt":{"rendered":"<p>A caneta borracha Play possui mecanismo retr\u00e1til, trazendo mais praticidade e conforto pra sua rotina. Disponivel em cores sortidas e&hellip;<\/p>\n","protected":false},"featured_media":297512,"comment_status":"open","ping_status":"closed","template":"","meta":[],"product_cat":[281,215],"product_tag":[],"_links":{"self":[{"href":"https:\/\/www.livrariarema.com.br\/loja\/wp-json\/wp\/v2\/product\/259903"}],"collection":[{"href":"https:\/\/www.livrariarema.com.br\/loja\/wp-json\/wp\/v2\/product"}],"about":[{"href":"https:\/\/www.livrariarema.com.br\/loja\/wp-json\/wp\/v2\/types\/product"}],"replies":[{"embeddable":true,"href":"https:\/\/www.livrariarema.com.br\/loja\/wp-json\/wp\/v2\/comments?post=259903"}],"wp:featuredmedia":[{"embeddable":true,"href":"https:\/\/www.livrariarema.com.br\/loja\/wp-json\/wp\/v2\/media\/297512"}],"wp:attachment":[{"href":"https:\/\/www.livrariarema.com.br\/loja\/wp-json\/wp\/v2\/media?parent=259903"}],"wp:term":[{"taxonomy":"product_cat","embeddable":true,"href":"https:\/\/www.livrariarema.com.br\/loja\/wp-json\/wp\/v2\/product_cat?post=259903"},{"taxonomy":"product_tag","embeddable":true,"href":"https:\/\/www.livrariarema.com.br\/loja\/wp-json\/wp\/v2\/product_tag?post=259903"}],"curies":[{"name":"wp","href":"https:\/\/api.w.org\/{rel}","templated":true}]}}