{"id":260291,"date":"2023-10-18T17:41:45","date_gmt":"2023-10-18T20:41:45","guid":{"rendered":"https:\/\/www.livrariarema.com.br\/loja\/produtos\/sem categoria\/biblia-de-estudo-da-fe-reformada-2a-edicao-capa-luxo-vinho\/"},"modified":"2026-03-16T13:20:05","modified_gmt":"2026-03-16T16:20:05","slug":"biblia-de-estudo-da-fe-reformada-2a-edicao-capa-luxo-vinho","status":"publish","type":"product","link":"https:\/\/www.livrariarema.com.br\/loja\/produtos\/biblias\/estudo\/biblia-de-estudo-da-fe-reformada-2a-edicao-capa-luxo-vinho\/","title":{"rendered":"B\u00edblia De Estudo Da F\u00e9 Reformada &#8211; 2A Edi\u00e7\u00e3o &#8211; Capa Luxo &#8211; Vinho"},"content":{"rendered":"<p>B\u00edblia de Estudo da F\u00e9 Reformada com Concord\u00e2ncia<\/p>\n<p>Concord\u00e2ncia adicionada: 4000 verbetes;<br \/>\nLeitura aprimorada: papel mais nobre, de 36g\/m\u00b2, que facilita a leitura do texto;<br \/>\nNovas cores: agora dispon\u00edvel nas cores chumbo, lavanda e turquesa;<br \/>\nTexto revisado: corre\u00e7\u00f5es de diagrama\u00e7\u00e3o, gram\u00e1tica e refer\u00eancias.<\/p>\n<p>A B\u00edblia de Estudo F\u00e9 Reformada, edi\u00e7\u00e3o em Portugu\u00eas, foi cuidadosamente elaborada sob a lideran\u00e7a editorial de R.C. Sproul e com a contribui\u00e7\u00e3o de 75 importantes te\u00f3logos de todo o mundo.<\/p>\n<p>Mais de 1,1 milh\u00e3o de palavras com explica\u00e7\u00f5es vers\u00edculo por vers\u00edculo e tem\u00e1ticas para enfatizar a necessidade da gra\u00e7a de Deus ao conduzir das trevas para a luz das Escrituras.<\/p>\n<p>A B\u00edblia de Estudo F\u00e9 Reformada oferece uma experi\u00eancia singular de leitura, estudo e discipulado para todas as idades e fases da vida crist\u00e3.<\/p>\n<p>Recursos:<br \/>\n20.000 coment\u00e1rios;<br \/>\n4.000 verbetes na concord\u00e2ncia b\u00edblica;<br \/>\n70 notas teol\u00f3gicas;<br \/>\n74 introdu\u00e7\u00f5es aos livros e divis\u00f5es da B\u00edblia;<br \/>\n41 mapas integrados;<br \/>\n16 p\u00e1ginas com mapas coloridos;<br \/>\n13 artigos tem\u00e1ticos;<br \/>\n11 s\u00edmbolos de f\u00e9 (credos, confiss\u00f5es e catecismos);<br \/>\n2.656 p\u00e1ginas;<br \/>\nPlano anual de leitura b\u00edblica;<br \/>\nTabela de pesos e medida.<\/p>\n","protected":false},"excerpt":{"rendered":"<p>B\u00edblia de Estudo da F\u00e9 Reformada com Concord\u00e2ncia Concord\u00e2ncia adicionada: 4000 verbetes; Leitura aprimorada: papel mais nobre, de 36g\/m\u00b2, que&hellip;<\/p>\n","protected":false},"featured_media":346254,"comment_status":"open","ping_status":"closed","template":"","meta":[],"product_cat":[139,140],"product_tag":[],"_links":{"self":[{"href":"https:\/\/www.livrariarema.com.br\/loja\/wp-json\/wp\/v2\/product\/260291"}],"collection":[{"href":"https:\/\/www.livrariarema.com.br\/loja\/wp-json\/wp\/v2\/product"}],"about":[{"href":"https:\/\/www.livrariarema.com.br\/loja\/wp-json\/wp\/v2\/types\/product"}],"replies":[{"embeddable":true,"href":"https:\/\/www.livrariarema.com.br\/loja\/wp-json\/wp\/v2\/comments?post=260291"}],"wp:featuredmedia":[{"embeddable":true,"href":"https:\/\/www.livrariarema.com.br\/loja\/wp-json\/wp\/v2\/media\/346254"}],"wp:attachment":[{"href":"https:\/\/www.livrariarema.com.br\/loja\/wp-json\/wp\/v2\/media?parent=260291"}],"wp:term":[{"taxonomy":"product_cat","embeddable":true,"href":"https:\/\/www.livrariarema.com.br\/loja\/wp-json\/wp\/v2\/product_cat?post=260291"},{"taxonomy":"product_tag","embeddable":true,"href":"https:\/\/www.livrariarema.com.br\/loja\/wp-json\/wp\/v2\/product_tag?post=260291"}],"curies":[{"name":"wp","href":"https:\/\/api.w.org\/{rel}","templated":true}]}}