{"id":260302,"date":"2023-10-18T17:42:34","date_gmt":"2023-10-18T20:42:34","guid":{"rendered":"https:\/\/www.livrariarema.com.br\/loja\/produtos\/sem categoria\/a-mesa-com-jesus-as-palavras-de-despedida-do-salvador-sinclair-b-ferguson\/"},"modified":"2026-04-08T14:06:24","modified_gmt":"2026-04-08T17:06:24","slug":"a-mesa-com-jesus-as-palavras-de-despedida-do-salvador-sinclair-b-ferguson","status":"publish","type":"product","link":"https:\/\/www.livrariarema.com.br\/loja\/produtos\/livros\/cura-libertacao\/a-mesa-com-jesus-as-palavras-de-despedida-do-salvador-sinclair-b-ferguson\/","title":{"rendered":"\u00c0 Mesa Com Jesus: As Palavras De Despedida Do Salvador &#8211; Sinclair B. Ferguson"},"content":{"rendered":"<p>Sente-se \u00e0 mesa com Jesus e ou\u00e7a as palavras do seu cora\u00e7\u00e3o<\/p>\n<p>O que voc\u00ea daria para passar uma noite na companhia de Jesus, ouvindo os seus ensinos e a sua ora\u00e7\u00e3o? Em \u00c0 mesa com Jesus, Sinclair B. Ferguson nos leva a apreciar, como se estiv\u00e9ssemos l\u00e1, as palavras de despedida do Salvador, registradas em Jo\u00e3o 13-17. Somos transportados para a sala onde Jesus celebrou a sua \u00faltima P\u00e1scoa com os disc\u00edpulos e temos acesso a esses momentos \u00edntimos da noite em que o Senhor foi tra\u00eddo. Essa imagem v\u00edvida do minist\u00e9rio de Cristo, desde o lava-p\u00e9s at\u00e9 a sua ora\u00e7\u00e3o sacerdotal, nos conduz diretamente ao cora\u00e7\u00e3o dele. Enquanto a sombra da cruz se agigantava, Jesus compartilhava as suas \u00faltimas horas com os seus seguidores, preparava-os para a sua morte, aquietava os seus cora\u00e7\u00f5es atribulados e intercedia ao Pai em favor deles. Descubra os desejos mais profundos que ele nutre pelo seu povo e deleite-se no Salvador sofredor que venceu o mundo.<\/p>\n","protected":false},"excerpt":{"rendered":"<p>Sente-se \u00e0 mesa com Jesus e ou\u00e7a as palavras do seu cora\u00e7\u00e3o O que voc\u00ea daria para passar uma noite&hellip;<\/p>\n","protected":false},"featured_media":346291,"comment_status":"open","ping_status":"closed","template":"","meta":[],"product_cat":[157,134],"product_tag":[],"_links":{"self":[{"href":"https:\/\/www.livrariarema.com.br\/loja\/wp-json\/wp\/v2\/product\/260302"}],"collection":[{"href":"https:\/\/www.livrariarema.com.br\/loja\/wp-json\/wp\/v2\/product"}],"about":[{"href":"https:\/\/www.livrariarema.com.br\/loja\/wp-json\/wp\/v2\/types\/product"}],"replies":[{"embeddable":true,"href":"https:\/\/www.livrariarema.com.br\/loja\/wp-json\/wp\/v2\/comments?post=260302"}],"wp:featuredmedia":[{"embeddable":true,"href":"https:\/\/www.livrariarema.com.br\/loja\/wp-json\/wp\/v2\/media\/346291"}],"wp:attachment":[{"href":"https:\/\/www.livrariarema.com.br\/loja\/wp-json\/wp\/v2\/media?parent=260302"}],"wp:term":[{"taxonomy":"product_cat","embeddable":true,"href":"https:\/\/www.livrariarema.com.br\/loja\/wp-json\/wp\/v2\/product_cat?post=260302"},{"taxonomy":"product_tag","embeddable":true,"href":"https:\/\/www.livrariarema.com.br\/loja\/wp-json\/wp\/v2\/product_tag?post=260302"}],"curies":[{"name":"wp","href":"https:\/\/api.w.org\/{rel}","templated":true}]}}