{"id":260351,"date":"2023-10-19T09:49:26","date_gmt":"2023-10-19T12:49:26","guid":{"rendered":"https:\/\/www.livrariarema.com.br\/loja\/produtos\/sem%20categoria\/mulheres-enraizadas-viviane-martinello\/"},"modified":"2026-04-09T17:44:28","modified_gmt":"2026-04-09T20:44:28","slug":"mulheres-enraizadas-viviane-martinello","status":"publish","type":"product","link":"https:\/\/www.livrariarema.com.br\/loja\/produtos\/livros\/devocional\/mulheres-enraizadas-viviane-martinello\/","title":{"rendered":"Mulheres Enraizadas &#8211; Viviane Martinello"},"content":{"rendered":"<p>Descubra a profunda conex\u00e3o entre suas ra\u00edzes e a vida que voc\u00ea vive. No devocional &#8220;Mulheres Enraizadas&#8221; de Viviane Martinello, explore como suas emo\u00e7\u00f5es moldam seus frutos. Supere o des\u00e2nimo, medo e rejei\u00e7\u00e3o, permitindo que Deus cure suas ra\u00edzes para um florescimento abundante. Este devocional oferece orienta\u00e7\u00e3o e esperan\u00e7a para a sua vida. Abra-se para a transforma\u00e7\u00e3o e abrace um futuro cheio de prop\u00f3sito.<\/p>\n<p>&#8220;Ele ser\u00e1 como uma \u00e1rvore plantada junto \u00e0s \u00e1guas e que estende as suas ra\u00edzes para o ribeiro. Ela n\u00e3o temer\u00e1 quando chegar o calor, porque as suas folhas est\u00e3o sempre verdes; n\u00e3o ficar\u00e1 ansiosa no ano da seca nem deixar\u00e1 de dar fruto.&#8221; (Jeremias 17.8)<\/p>\n","protected":false},"excerpt":{"rendered":"<p>Descubra a profunda conex\u00e3o entre suas ra\u00edzes e a vida que voc\u00ea vive. No devocional &#8220;Mulheres Enraizadas&#8221; de Viviane Martinello,&hellip;<\/p>\n","protected":false},"featured_media":342725,"comment_status":"open","ping_status":"closed","template":"","meta":[],"product_cat":[158,134],"product_tag":[],"_links":{"self":[{"href":"https:\/\/www.livrariarema.com.br\/loja\/wp-json\/wp\/v2\/product\/260351"}],"collection":[{"href":"https:\/\/www.livrariarema.com.br\/loja\/wp-json\/wp\/v2\/product"}],"about":[{"href":"https:\/\/www.livrariarema.com.br\/loja\/wp-json\/wp\/v2\/types\/product"}],"replies":[{"embeddable":true,"href":"https:\/\/www.livrariarema.com.br\/loja\/wp-json\/wp\/v2\/comments?post=260351"}],"wp:featuredmedia":[{"embeddable":true,"href":"https:\/\/www.livrariarema.com.br\/loja\/wp-json\/wp\/v2\/media\/342725"}],"wp:attachment":[{"href":"https:\/\/www.livrariarema.com.br\/loja\/wp-json\/wp\/v2\/media?parent=260351"}],"wp:term":[{"taxonomy":"product_cat","embeddable":true,"href":"https:\/\/www.livrariarema.com.br\/loja\/wp-json\/wp\/v2\/product_cat?post=260351"},{"taxonomy":"product_tag","embeddable":true,"href":"https:\/\/www.livrariarema.com.br\/loja\/wp-json\/wp\/v2\/product_tag?post=260351"}],"curies":[{"name":"wp","href":"https:\/\/api.w.org\/{rel}","templated":true}]}}