{"id":260363,"date":"2023-10-19T09:50:15","date_gmt":"2023-10-19T12:50:15","guid":{"rendered":"https:\/\/www.livrariarema.com.br\/loja\/produtos\/sem categoria\/biblia-nvi-ministerial-pu-marrom-escuro\/"},"modified":"2026-03-20T13:52:16","modified_gmt":"2026-03-20T16:52:16","slug":"biblia-nvi-ministerial-pu-marrom-escuro","status":"publish","type":"product","link":"https:\/\/www.livrariarema.com.br\/loja\/produtos\/biblias\/estudo\/biblia-nvi-ministerial-pu-marrom-escuro\/","title":{"rendered":"B\u00edblia &#8211; Nvi &#8211; Ministerial &#8211; Pu Marrom Escuro"},"content":{"rendered":"<p>Uma B\u00edblia abrangente para toda a lideran\u00e7a<\/p>\n<p>A b\u00edblia Ministerial NVI foi projetada para preparar todos os l\u00edderes (pastores experientes ou iniciantes e l\u00edderesleigos) com as ferramentas pr\u00e1ticas de que precisar\u00e3o para conduzir quest\u00f5es ministeriais do dia a dia.Com o objetivode fornecer a l\u00edderes atarefados pontos de vista sucintos,s\u00e1bios e aplic\u00e1veis quanto \u00e0s facetas mais comuns da lideran\u00e7acrist\u00e3,selecionamos 270 artigos escritos por pastores e l\u00edderes experientes,como Eugene H.Peterson,Richard Foster,Max Lucado,John Maxwell,Bill Hybels,Rick Warren,Dallas Willard,Nancy Beach,Nancy Ortberg,Henri Nowen,John Burke,Les &amp; LeslieParrott,Peter Scazzero,entre outros.<\/p>\n<p>Os artigos est\u00e3o divididos em cinco temas principais de minist\u00e9rio:<\/p>\n<p>&#8211; Lideran\u00e7a Espiritual,ajudando voc\u00ea a se tornar o l\u00edder que Deus quer que voc\u00ea seja<br \/>\n&#8211; Prega\u00e7\u00e3o,ora\u00e7\u00e3o corporativa e discipulado,promovendo em voc\u00ea a maturidade em Cristo para o exerc\u00edcio eficaz de seus minist\u00e9rio<br \/>\n&#8211; A vida espiritual do l\u00edder,auxiliando voc\u00ea no axerc\u00edcio de disciplinas espirituais,na manuten\u00e7\u00e3o do equil\u00edbrio e da sa\u00fade emocional e no estabelecimento de sua integridade como seguidor de Cristo<br \/>\n-Pastoreando em situa\u00e7\u00f5es espec\u00edficas,ajudando voc\u00ea a preparar-se na condu\u00e7\u00e3o do povo de Deus<br \/>\n-Evangelismo e justi\u00e7a social , Ajudando voc\u00ea a sua organiza\u00e7\u00e3o a encontrarem maneiras criativas para compartilhar o Evangelho com as pessoas do meio no qual voc\u00eas se encontram<\/p>\n<p>Al\u00e9m desses artigos, voc\u00ea tamb\u00e9m encontra nesta B\u00edblia:<\/p>\n<p>-Guia de recursos pr\u00e1ticos (para situa\u00e7\u00f5es pastorais como casamento,batismo,aconselhamento e consolo)<br \/>\n-\u00cdndice dos ensaios e t\u00f3picos (para f\u00e1cil localiza\u00e7\u00e3o de temas pertinentes)<br \/>\n-Concord\u00e2ncia b\u00edblica<br \/>\n-Mapas Coloridos <\/p>\n<p>Soma-se a isso o inigual\u00e1vel texto da Nova Vers\u00e3o Internacional, o mais lido e o mais confi\u00e1vel.<\/p>\n","protected":false},"excerpt":{"rendered":"<p>Uma B\u00edblia abrangente para toda a lideran\u00e7a A b\u00edblia Ministerial NVI foi projetada para preparar todos os l\u00edderes (pastores experientes&hellip;<\/p>\n","protected":false},"featured_media":333908,"comment_status":"open","ping_status":"closed","template":"","meta":[],"product_cat":[139,140],"product_tag":[],"_links":{"self":[{"href":"https:\/\/www.livrariarema.com.br\/loja\/wp-json\/wp\/v2\/product\/260363"}],"collection":[{"href":"https:\/\/www.livrariarema.com.br\/loja\/wp-json\/wp\/v2\/product"}],"about":[{"href":"https:\/\/www.livrariarema.com.br\/loja\/wp-json\/wp\/v2\/types\/product"}],"replies":[{"embeddable":true,"href":"https:\/\/www.livrariarema.com.br\/loja\/wp-json\/wp\/v2\/comments?post=260363"}],"wp:featuredmedia":[{"embeddable":true,"href":"https:\/\/www.livrariarema.com.br\/loja\/wp-json\/wp\/v2\/media\/333908"}],"wp:attachment":[{"href":"https:\/\/www.livrariarema.com.br\/loja\/wp-json\/wp\/v2\/media?parent=260363"}],"wp:term":[{"taxonomy":"product_cat","embeddable":true,"href":"https:\/\/www.livrariarema.com.br\/loja\/wp-json\/wp\/v2\/product_cat?post=260363"},{"taxonomy":"product_tag","embeddable":true,"href":"https:\/\/www.livrariarema.com.br\/loja\/wp-json\/wp\/v2\/product_tag?post=260363"}],"curies":[{"name":"wp","href":"https:\/\/api.w.org\/{rel}","templated":true}]}}