{"id":260497,"date":"2023-10-20T10:52:18","date_gmt":"2023-10-20T13:52:18","guid":{"rendered":"https:\/\/www.livrariarema.com.br\/loja\/produtos\/sem categoria\/ele-ainda-remove-pedras-max-lucado-2\/"},"modified":"2025-12-22T15:42:48","modified_gmt":"2025-12-22T18:42:48","slug":"ele-ainda-remove-pedras-max-lucado-2","status":"publish","type":"product","link":"https:\/\/www.livrariarema.com.br\/loja\/produtos\/livros\/cura-libertacao\/ele-ainda-remove-pedras-max-lucado-2\/","title":{"rendered":"Ele Ainda Remove Pedras &#8211; Max Lucado  &#8211;"},"content":{"rendered":"<p>Por que a B\u00edblia cont\u00e9m tantas passagens de Jesus se encontrando com pessoas sofrendo, com problemas? <br \/>\nO ladr\u00e3o na cruz. O rejeitado Nicodemos. Pedro envergonhado. A desolada Marta, irm\u00e3 de L\u00e1zaro. <br \/>\nSeria para que louv\u00e1ssemos a Jesus pelo que Ele fez no passado? <br \/>\nN\u00e3o. <br \/>\nEstas passagens e muitas outras est\u00e3o na B\u00edblia n\u00e3o para dizer o que Ele fez. <br \/>\nElas est\u00e3o para l\u00e1 nos dizer o que Jesus faz. O que ele pode e quer fazer por voc\u00ea.<\/p>\n","protected":false},"excerpt":{"rendered":"<p>Por que a B\u00edblia cont\u00e9m tantas passagens de Jesus se encontrando com pessoas sofrendo, com problemas? O ladr\u00e3o na cruz.&hellip;<\/p>\n","protected":false},"featured_media":320121,"comment_status":"open","ping_status":"closed","template":"","meta":[],"product_cat":[157,134],"product_tag":[],"_links":{"self":[{"href":"https:\/\/www.livrariarema.com.br\/loja\/wp-json\/wp\/v2\/product\/260497"}],"collection":[{"href":"https:\/\/www.livrariarema.com.br\/loja\/wp-json\/wp\/v2\/product"}],"about":[{"href":"https:\/\/www.livrariarema.com.br\/loja\/wp-json\/wp\/v2\/types\/product"}],"replies":[{"embeddable":true,"href":"https:\/\/www.livrariarema.com.br\/loja\/wp-json\/wp\/v2\/comments?post=260497"}],"wp:featuredmedia":[{"embeddable":true,"href":"https:\/\/www.livrariarema.com.br\/loja\/wp-json\/wp\/v2\/media\/320121"}],"wp:attachment":[{"href":"https:\/\/www.livrariarema.com.br\/loja\/wp-json\/wp\/v2\/media?parent=260497"}],"wp:term":[{"taxonomy":"product_cat","embeddable":true,"href":"https:\/\/www.livrariarema.com.br\/loja\/wp-json\/wp\/v2\/product_cat?post=260497"},{"taxonomy":"product_tag","embeddable":true,"href":"https:\/\/www.livrariarema.com.br\/loja\/wp-json\/wp\/v2\/product_tag?post=260497"}],"curies":[{"name":"wp","href":"https:\/\/api.w.org\/{rel}","templated":true}]}}