{"id":260561,"date":"2023-10-20T10:56:20","date_gmt":"2023-10-20T13:56:20","guid":{"rendered":"https:\/\/www.livrariarema.com.br\/loja\/produtos\/sem categoria\/arc085bep-biblia-de-estudo-pentecostal-grande-edicao-global-preta\/"},"modified":"2026-02-27T14:44:29","modified_gmt":"2026-02-27T17:44:29","slug":"arc085bep-biblia-de-estudo-pentecostal-grande-edicao-global-preta","status":"publish","type":"product","link":"https:\/\/www.livrariarema.com.br\/loja\/produtos\/biblias\/estudo\/arc085bep-biblia-de-estudo-pentecostal-grande-edicao-global-preta\/","title":{"rendered":"Arc085bep &#8211; B\u00edblia De Estudo Pentecostal Grande &#8211; Edi\u00e7\u00e3o Global &#8211; Preta"},"content":{"rendered":"<p>Deus nos deu sua Palavra escrita para nos contar sobre si mesmo e seu plano para nossas vidas. A B\u00edblia de Estudo Pentecostal: Edi\u00e7\u00e3o Global foi projetada para ajud\u00e1-lo a adquirir uma melhor compreens\u00e3o das verdades da Palavra de Deus para que possa aprender a amar e confiar mais em Deus e crescer em um relacionamento pessoal com o seu Filho, Jesus Cristo (1Tm 1.5), que deu sua vida por voc\u00ea. Nas p\u00e1ginas da B\u00edblia, voc\u00ea ver\u00e1 o amor de Deus em a\u00e7\u00e3o e aprender\u00e1 mais sobre como Ele quer que voc\u00ea viva. \u00c9 importante que voc\u00ea n\u00e3o apenas leia a B\u00edblia, mas tamb\u00e9m a estude, para que a Palavra de Deus se torne o guia dos seus pensamentos e a\u00e7\u00f5es.<\/p>\n<p>As caracter\u00edsticas especiais da B\u00edblia de Estudo Pentecostal: Edi\u00e7\u00e3o Global, as quais s\u00e3o projetadas para ajud\u00e1-lo a entender melhor e aplicar a Palavra de Deus \u00e0 sua vida, s\u00e3o as seguintes:<Br><br \/>\n-Texto b\u00edblico, ARC 2009;<Br><br \/>\n-Fala de Jesus em Vermelho<Br><br \/>\n-T\u00edtulos seccionais;<Br><br \/>\n-Sistema de refer\u00eancias cruzadas;<Br><br \/>\n-Notas de estudo;<Br><br \/>\n-Artigos;<Br><br \/>\n-Introdu\u00e7\u00e3o dos livros;<Br><br \/>\n-Plano de leitura da b\u00edblia;<Br><br \/>\n-Localizadores tem\u00e1ticos;<Br><br \/>\n-\u00cdndice de localizadores tem\u00e1ticos;<Br><br \/>\n-Quadros;<Br><br \/>\n-Mapas e ilustra\u00e7\u00f5es;<Br><br \/>\n-\u00cdndice de temas;<Br><br \/>\n-Gloss\u00e1rio;<Br><br \/>\n-Concord\u00e2ncia.<Br><\/p>\n","protected":false},"excerpt":{"rendered":"<p>Deus nos deu sua Palavra escrita para nos contar sobre si mesmo e seu plano para nossas vidas. A B\u00edblia&hellip;<\/p>\n","protected":false},"featured_media":345577,"comment_status":"open","ping_status":"closed","template":"","meta":[],"product_cat":[139,140],"product_tag":[],"_links":{"self":[{"href":"https:\/\/www.livrariarema.com.br\/loja\/wp-json\/wp\/v2\/product\/260561"}],"collection":[{"href":"https:\/\/www.livrariarema.com.br\/loja\/wp-json\/wp\/v2\/product"}],"about":[{"href":"https:\/\/www.livrariarema.com.br\/loja\/wp-json\/wp\/v2\/types\/product"}],"replies":[{"embeddable":true,"href":"https:\/\/www.livrariarema.com.br\/loja\/wp-json\/wp\/v2\/comments?post=260561"}],"wp:featuredmedia":[{"embeddable":true,"href":"https:\/\/www.livrariarema.com.br\/loja\/wp-json\/wp\/v2\/media\/345577"}],"wp:attachment":[{"href":"https:\/\/www.livrariarema.com.br\/loja\/wp-json\/wp\/v2\/media?parent=260561"}],"wp:term":[{"taxonomy":"product_cat","embeddable":true,"href":"https:\/\/www.livrariarema.com.br\/loja\/wp-json\/wp\/v2\/product_cat?post=260561"},{"taxonomy":"product_tag","embeddable":true,"href":"https:\/\/www.livrariarema.com.br\/loja\/wp-json\/wp\/v2\/product_tag?post=260561"}],"curies":[{"name":"wp","href":"https:\/\/api.w.org\/{rel}","templated":true}]}}