{"id":260614,"date":"2023-10-20T11:47:25","date_gmt":"2023-10-20T14:47:25","guid":{"rendered":"https:\/\/www.livrariarema.com.br\/loja\/produtos\/sem categoria\/peregrino-o-john-bunyan-capa-dura\/"},"modified":"2024-05-13T09:04:20","modified_gmt":"2024-05-13T12:04:20","slug":"peregrino-o-john-bunyan-capa-dura","status":"publish","type":"product","link":"https:\/\/www.livrariarema.com.br\/loja\/produtos\/livros\/ficcao\/peregrino-o-john-bunyan-capa-dura\/","title":{"rendered":"Peregrino, O &#8211; John Bunyan (Capa Dura)"},"content":{"rendered":"<p>Um dos maiores cl\u00e1ssicos da literatura crist\u00e3. Escrita no s\u00e9culo XVII, esta obra fala sobre a caminhada de Crist\u00e3o, um homem que deixou a Cidade da Destrui\u00e7\u00e3o rumo \u00e0 Cidade Celestial. No decorrer do caminho ele se depara com v\u00e1rios tipos de pessoas como, Fiel, Esperan\u00e7oso e Ignor\u00e2ncia, e tamb\u00e9m, percorre v\u00e1rios lugares como a Feira da Vaidade e o Vale da Sombra da morte.<br \/>\nEsse Cl\u00e1ssico imortal acha-se agora dispon\u00edvel num texto atual e compreens\u00edvel. Nessa edi\u00e7\u00e3o voc\u00ea poder\u00e1 tamb\u00e9m ler a segunda parte, onde a esposa de Crist\u00e3o, decide juntar-se ao marido na Cidade Celestial. Enquanto viaja, Crist\u00e3 e seus filhos conhecem diferentes tipos de pessoas: Generoso, Miseric\u00f3rdia, Honestidade e outros.<br \/>\nUm livro rico de situa\u00e7\u00f5es interessantes que retratam de forma figurada as surpresas e perigos da caminhada que todos temos de percorrer para o nosso destino: a eternidade com Jesus.<\/p>\n","protected":false},"excerpt":{"rendered":"<p>Um dos maiores cl\u00e1ssicos da literatura crist\u00e3. Escrita no s\u00e9culo XVII, esta obra fala sobre a caminhada de Crist\u00e3o, um&hellip;<\/p>\n","protected":false},"featured_media":297301,"comment_status":"open","ping_status":"closed","template":"","meta":[],"product_cat":[162,134],"product_tag":[],"_links":{"self":[{"href":"https:\/\/www.livrariarema.com.br\/loja\/wp-json\/wp\/v2\/product\/260614"}],"collection":[{"href":"https:\/\/www.livrariarema.com.br\/loja\/wp-json\/wp\/v2\/product"}],"about":[{"href":"https:\/\/www.livrariarema.com.br\/loja\/wp-json\/wp\/v2\/types\/product"}],"replies":[{"embeddable":true,"href":"https:\/\/www.livrariarema.com.br\/loja\/wp-json\/wp\/v2\/comments?post=260614"}],"wp:featuredmedia":[{"embeddable":true,"href":"https:\/\/www.livrariarema.com.br\/loja\/wp-json\/wp\/v2\/media\/297301"}],"wp:attachment":[{"href":"https:\/\/www.livrariarema.com.br\/loja\/wp-json\/wp\/v2\/media?parent=260614"}],"wp:term":[{"taxonomy":"product_cat","embeddable":true,"href":"https:\/\/www.livrariarema.com.br\/loja\/wp-json\/wp\/v2\/product_cat?post=260614"},{"taxonomy":"product_tag","embeddable":true,"href":"https:\/\/www.livrariarema.com.br\/loja\/wp-json\/wp\/v2\/product_tag?post=260614"}],"curies":[{"name":"wp","href":"https:\/\/api.w.org\/{rel}","templated":true}]}}