{"id":260620,"date":"2023-10-20T11:47:43","date_gmt":"2023-10-20T14:47:43","guid":{"rendered":"https:\/\/www.livrariarema.com.br\/loja\/produtos\/sem%20categoria\/vida-plena-kelem-gaspar\/"},"modified":"2025-05-10T10:10:12","modified_gmt":"2025-05-10T13:10:12","slug":"vida-plena-kelem-gaspar","status":"publish","type":"product","link":"https:\/\/www.livrariarema.com.br\/loja\/produtos\/livros\/vida-crista\/vida-plena-kelem-gaspar\/","title":{"rendered":"Vida Plena &#8211; Kelem Gaspar"},"content":{"rendered":"<p>&#8220;Mas o Esp\u00edrito produz este fruto: amor, alegria, paz, paci\u00eancia, amabilidade, bondade, fidelidade, mansid\u00e3o e dom\u00ednio pr\u00f3prio. N\u00e3o h\u00e1 lei contra essas coisas!&#8221; Gl 5.22-23<br \/>\nN\u00e3o s\u00e3o os frutos do Esp\u00edrito e sim O fruto. Trata-se do fruto do Esp\u00edrito, no singular e n\u00e3o no plural, s\u00e3o caracter\u00edsticas que se completam, todas interligadas e igualmente importantes. Inegoci\u00e1veis. N\u00e3o adianta ter uma atitude madura em uma ou duas \u00e1reas e ser desequilibrado em outras. \u00c9 claro que sozinhos n\u00e3o temos condi\u00e7\u00f5es de desenvolver todas essas virtudes em nossos cora\u00e7\u00f5es, mas a boa not\u00edcia \u00e9 que n\u00e3o precisamos faz\u00ea-lo sozinhos: o Esp\u00edrito Santo nos auxiliar\u00e1 e nos dar\u00e1 as condi\u00e7\u00f5es necess\u00e1rias.<\/p>\n","protected":false},"excerpt":{"rendered":"<p>&#8220;Mas o Esp\u00edrito produz este fruto: amor, alegria, paz, paci\u00eancia, amabilidade, bondade, fidelidade, mansid\u00e3o e dom\u00ednio pr\u00f3prio. N\u00e3o h\u00e1 lei&hellip;<\/p>\n","protected":false},"featured_media":296314,"comment_status":"open","ping_status":"closed","template":"","meta":[],"product_cat":[134,137],"product_tag":[],"_links":{"self":[{"href":"https:\/\/www.livrariarema.com.br\/loja\/wp-json\/wp\/v2\/product\/260620"}],"collection":[{"href":"https:\/\/www.livrariarema.com.br\/loja\/wp-json\/wp\/v2\/product"}],"about":[{"href":"https:\/\/www.livrariarema.com.br\/loja\/wp-json\/wp\/v2\/types\/product"}],"replies":[{"embeddable":true,"href":"https:\/\/www.livrariarema.com.br\/loja\/wp-json\/wp\/v2\/comments?post=260620"}],"wp:featuredmedia":[{"embeddable":true,"href":"https:\/\/www.livrariarema.com.br\/loja\/wp-json\/wp\/v2\/media\/296314"}],"wp:attachment":[{"href":"https:\/\/www.livrariarema.com.br\/loja\/wp-json\/wp\/v2\/media?parent=260620"}],"wp:term":[{"taxonomy":"product_cat","embeddable":true,"href":"https:\/\/www.livrariarema.com.br\/loja\/wp-json\/wp\/v2\/product_cat?post=260620"},{"taxonomy":"product_tag","embeddable":true,"href":"https:\/\/www.livrariarema.com.br\/loja\/wp-json\/wp\/v2\/product_tag?post=260620"}],"curies":[{"name":"wp","href":"https:\/\/api.w.org\/{rel}","templated":true}]}}