{"id":260622,"date":"2023-10-20T11:47:49","date_gmt":"2023-10-20T14:47:49","guid":{"rendered":"https:\/\/www.livrariarema.com.br\/loja\/produtos\/sem categoria\/cristologia-paulina-gordon-d-fee\/"},"modified":"2025-06-09T11:28:30","modified_gmt":"2025-06-09T14:28:30","slug":"cristologia-paulina-gordon-d-fee","status":"publish","type":"product","link":"https:\/\/www.livrariarema.com.br\/loja\/produtos\/livros\/estudo-biblico\/cristologia-paulina-gordon-d-fee\/","title":{"rendered":"Cristologia Paulina &#8211; Gordon D. Fee"},"content":{"rendered":"<p>\u00danica em sua abordagem e tem\u00e1tica, Cristologia Paulina, oferece um estudo exaustivo pelo acad\u00eamico paulino Gordon Fee. O autor oferece uma an\u00e1lise individual e detalhada das cartas de Paulo, explorando a cristologia de cada uma e, com elaborada s\u00edntese da obra exeg\u00e9tica em uma cristologia b\u00edblica de Paulo com os seguintes temas:<br \/>\n&#8211; O papel de Cristo como o salvador divino preexistente e salvador encarnado;<br \/>\n&#8211; Jesus como o segundo Ad\u00e3o;<br \/>\n&#8211; O Messias judeu e filho de Deus;<br \/>\n&#8211; Como o Messias e Senhor exaltado.<\/p>\n<p>Entre outros assuntos, Fee tamb\u00e9m explora o relacionamento entre Cristo e o Esp\u00edrito Santo. Al\u00e9m da pessoa e o papel do Esp\u00edrito no pensamento de Paulo.<br \/>\nUma leitura obrigat\u00f3ria para todos os que se interessam em estudar tanto a pessoa de Jesus quanto \u00e0 teologia de Paulo.<\/p>\n","protected":false},"excerpt":{"rendered":"<p>\u00danica em sua abordagem e tem\u00e1tica, Cristologia Paulina, oferece um estudo exaustivo pelo acad\u00eamico paulino Gordon Fee. O autor oferece&hellip;<\/p>\n","protected":false},"featured_media":329495,"comment_status":"open","ping_status":"closed","template":"","meta":[],"product_cat":[161,134],"product_tag":[],"_links":{"self":[{"href":"https:\/\/www.livrariarema.com.br\/loja\/wp-json\/wp\/v2\/product\/260622"}],"collection":[{"href":"https:\/\/www.livrariarema.com.br\/loja\/wp-json\/wp\/v2\/product"}],"about":[{"href":"https:\/\/www.livrariarema.com.br\/loja\/wp-json\/wp\/v2\/types\/product"}],"replies":[{"embeddable":true,"href":"https:\/\/www.livrariarema.com.br\/loja\/wp-json\/wp\/v2\/comments?post=260622"}],"wp:featuredmedia":[{"embeddable":true,"href":"https:\/\/www.livrariarema.com.br\/loja\/wp-json\/wp\/v2\/media\/329495"}],"wp:attachment":[{"href":"https:\/\/www.livrariarema.com.br\/loja\/wp-json\/wp\/v2\/media?parent=260622"}],"wp:term":[{"taxonomy":"product_cat","embeddable":true,"href":"https:\/\/www.livrariarema.com.br\/loja\/wp-json\/wp\/v2\/product_cat?post=260622"},{"taxonomy":"product_tag","embeddable":true,"href":"https:\/\/www.livrariarema.com.br\/loja\/wp-json\/wp\/v2\/product_tag?post=260622"}],"curies":[{"name":"wp","href":"https:\/\/api.w.org\/{rel}","templated":true}]}}